{"id":9817,"date":"2017-11-09T16:17:18","date_gmt":"2017-11-09T16:17:18","guid":{"rendered":"http:\/\/www.terrassapla\u00e7a.com\/?page_id=9817"},"modified":"2017-11-17T10:30:27","modified_gmt":"2017-11-17T10:30:27","slug":"contacte","status":"publish","type":"page","link":"https:\/\/www.xn--terrassaplaa-udb.com\/ca\/contacte\/","title":{"rendered":"Contacte"},"content":{"rendered":"<style type=\"text\/css\"> \n#cmsmasters_row_69f576c4a26d9 .cmsmasters_row_outer_parent { \n\tpadding-top: 50px; \n} \n\n \n#cmsmasters_heading_69f576c4a27db { \n\ttext-align:left; \n\tmargin-top:10px; \n\tmargin-bottom:40px; \n} \n\n#cmsmasters_heading_69f576c4a27db .cmsmasters_heading { \n\ttext-align:left; \n} \n\n#cmsmasters_heading_69f576c4a27db .cmsmasters_heading, #cmsmasters_heading_69f576c4a27db .cmsmasters_heading a { \n\tfont-weight:bold; \n\tfont-style:normal; \n} \n\n#cmsmasters_heading_69f576c4a27db .cmsmasters_heading_divider { \n} \n\n \n#cmsmasters_divider_69f576c4a2921 { \n\tborder-bottom-width:1px; \n\tborder-bottom-style:solid; \n\tpadding-top:50px; \n\tmargin-bottom:60px; \n} \n \n#cmsmasters_row_69f576c4a2945 .cmsmasters_row_outer_parent { \n\tpadding-top: 0px; \n} \n\n#cmsmasters_row_69f576c4a2945 .cmsmasters_row_outer_parent { \n\tpadding-bottom: 50px; \n} \n\n \n\n#cmsmasters_fb_69f576c4a2a21 { \n\tpadding-top:0px; \n\tpadding-bottom:0px; \n\tbackground-color:#87759a;\n} \n\n#cmsmasters_fb_69f576c4a2a21 .featured_block_inner { \n\twidth: 100%; \n\tpadding: ; \n\ttext-align: left; \n\tmargin:0 auto; \n} \n\n#cmsmasters_fb_69f576c4a2a21 .featured_block_text { \n\ttext-align: left; \n} \n\n \n#cmsmasters_icon_69f576c4a2ac0 { \n\tdisplay:block; \n\ttext-align:center; } \n\n#cmsmasters_icon_69f576c4a2ac0 .cmsmasters_simple_icon { \n\tborder-width:0px; \n\twidth:60px; \n\theight:60px; \n\tfont-size:35px; \n\tline-height:60px; \n\ttext-align:center; \n\t-webkit-border-radius:50%; \n\tborder-radius:50%; \n\tcolor:#ffffff;} \n \n#cmsmasters_heading_69f576c4a2b30 { \n\ttext-align:center; \n\tmargin-top:7px; \n\tmargin-bottom:30px; \n} \n\n#cmsmasters_heading_69f576c4a2b30 .cmsmasters_heading { \n\ttext-align:center; \n} \n\n#cmsmasters_heading_69f576c4a2b30 .cmsmasters_heading, #cmsmasters_heading_69f576c4a2b30 .cmsmasters_heading a { \n\tfont-weight:600; \n\tfont-style:normal; \n\tcolor:#ffffff;\n} \n\n#cmsmasters_heading_69f576c4a2b30 .cmsmasters_heading_divider { \n} \n\n \n\n#cmsmasters_fb_69f576c4a2bda { \n\tpadding-top:0px; \n\tpadding-bottom:0px; \n\tbackground-color:#f4bb1e;\n} \n\n#cmsmasters_fb_69f576c4a2bda .featured_block_inner { \n\twidth: 100%; \n\tpadding: ; \n\ttext-align: left; \n\tmargin:0 auto; \n} \n\n#cmsmasters_fb_69f576c4a2bda .featured_block_text { \n\ttext-align: left; \n} \n\n \n#cmsmasters_icon_69f576c4a2c5d { \n\tdisplay:block; \n\ttext-align:center; } \n\n#cmsmasters_icon_69f576c4a2c5d .cmsmasters_simple_icon { \n\tborder-width:0px; \n\twidth:60px; \n\theight:60px; \n\tfont-size:35px; \n\tline-height:60px; \n\ttext-align:center; \n\t-webkit-border-radius:50%; \n\tborder-radius:50%; \n\tcolor:#ffffff;} \n \n#cmsmasters_heading_69f576c4a2cbe { \n\ttext-align:center; \n\tmargin-top:7px; \n\tmargin-bottom:30px; \n} \n\n#cmsmasters_heading_69f576c4a2cbe .cmsmasters_heading { \n\ttext-align:center; \n} \n\n#cmsmasters_heading_69f576c4a2cbe .cmsmasters_heading, #cmsmasters_heading_69f576c4a2cbe .cmsmasters_heading a { \n\tfont-weight:600; \n\tfont-style:normal; \n\tcolor:#ffffff;\n} \n\n#cmsmasters_heading_69f576c4a2cbe .cmsmasters_heading_divider { \n} \n\n \n\n#cmsmasters_fb_69f576c4a2d40 { \n\tpadding-top:0px; \n\tpadding-bottom:0px; \n\tbackground-color:#61c1c8;\n} \n\n#cmsmasters_fb_69f576c4a2d40 .featured_block_inner { \n\twidth: 100%; \n\tpadding: ; \n\ttext-align: left; \n\tmargin:0 auto; \n} \n\n#cmsmasters_fb_69f576c4a2d40 .featured_block_text { \n\ttext-align: left; \n} \n\n \n#cmsmasters_icon_69f576c4a2daa { \n\tdisplay:block; \n\ttext-align:center; } \n\n#cmsmasters_icon_69f576c4a2daa .cmsmasters_simple_icon { \n\tborder-width:0px; \n\twidth:60px; \n\theight:60px; \n\tfont-size:35px; \n\tline-height:60px; \n\ttext-align:center; \n\t-webkit-border-radius:50%; \n\tborder-radius:50%; \n\tcolor:#ffffff;} \n \n#cmsmasters_heading_69f576c4a2e05 { \n\ttext-align:center; \n\tmargin-top:7px; \n\tmargin-bottom:30px; \n} \n\n#cmsmasters_heading_69f576c4a2e05 .cmsmasters_heading { \n\ttext-align:center; \n} \n\n#cmsmasters_heading_69f576c4a2e05 .cmsmasters_heading, #cmsmasters_heading_69f576c4a2e05 .cmsmasters_heading a { \n\tfont-weight:600; \n\tfont-style:normal; \n\tcolor:#ffffff;\n} \n\n#cmsmasters_heading_69f576c4a2e05 .cmsmasters_heading_divider { \n} \n\n \n#cmsmasters_row_69f576c4a2e26 .cmsmasters_row_outer_parent { \n\tpadding-top: 0px; \n} \n\n#cmsmasters_row_69f576c4a2e26 .cmsmasters_row_outer_parent { \n\tpadding-bottom: 70px; \n} \n\n \n#cmsmasters_heading_69f576c4a2ede { \n\ttext-align:left; \n\tmargin-top:0px; \n\tmargin-bottom:30px; \n} \n\n#cmsmasters_heading_69f576c4a2ede .cmsmasters_heading { \n\ttext-align:left; \n} \n\n#cmsmasters_heading_69f576c4a2ede .cmsmasters_heading, #cmsmasters_heading_69f576c4a2ede .cmsmasters_heading a { \n\tfont-weight:bold; \n\tfont-style:normal; \n} \n\n#cmsmasters_heading_69f576c4a2ede .cmsmasters_heading_divider { \n} \n\n\n#google_map_69f576c4a4eb3{\n\theight: 450px;\n}\n<\/style><div id=\"cmsmasters_row_69f576c4a26d9\" class=\"cmsmasters_row cmsmasters_color_scheme_default cmsmasters_row_top_default cmsmasters_row_bot_default cmsmasters_row_boxed\">\n<div class=\"cmsmasters_row_outer_parent\">\n<div class=\"cmsmasters_row_outer\">\n<div class=\"cmsmasters_row_inner\">\n<div class=\"cmsmasters_row_margin\">\n<div class=\"cmsmasters_column one_first\">\n\n<div id=\"cmsmasters_heading_69f576c4a27db\" class=\"cmsmasters_heading_wrap cmsmasters_heading_align_left\">\n\t<h2 class=\"cmsmasters_heading\">Terrassa Pla\u00e7a parc comercial<\/h2>\n<\/div><div class=\"cmsmasters_text\">\n<p>Des de Terrassa Pla\u00e7a volem donar el millor servei als nostres clients; per aix\u00f2, si teniu qualsevol dubte, queixa, reclamaci\u00f3 o si simplement voleu felicitar-nos per la nostra feina, estarem encantats d\u2019atendre-us si ens escriviu. Moltes gr\u00e0cies per la confian\u00e7a!!<\/p>\n<\/div>\n\n<div id=\"cmsmasters_divider_69f576c4a2921\" class=\"cmsmasters_divider cmsmasters_divider_width_long cmsmasters_divider_pos_center\"><\/div>\n<\/div>\n<\/div>\n<\/div>\n<\/div>\n<\/div>\n<\/div>\n<div id=\"cmsmasters_row_69f576c4a2945\" class=\"cmsmasters_row cmsmasters_color_scheme_default cmsmasters_row_top_default cmsmasters_row_bot_default cmsmasters_row_boxed\">\n<div class=\"cmsmasters_row_outer_parent\">\n<div class=\"cmsmasters_row_outer\">\n<div class=\"cmsmasters_row_inner\">\n<div class=\"cmsmasters_row_margin\">\n<div class=\"cmsmasters_column one_third\">\n<div id=\"cmsmasters_fb_69f576c4a2a21\" class=\"cmsmasters_featured_block featured-contact\">\n<div class=\"featured_block_inner\">\n<div class=\"featured_block_text\">\n<div id=\"cmsmasters_icon_69f576c4a2ac0\" class=\"cmsmasters_icon_wrap\"><span class=\"cmsmasters_simple_icon cmsmasters-icon-location-3\"><\/span><\/div>\n\n<div id=\"cmsmasters_heading_69f576c4a2b30\" class=\"cmsmasters_heading_wrap cmsmasters_heading_align_center\">\n\t<h3 class=\"cmsmasters_heading\">Avinguda del Vall\u00e9s 490 Terrassa, 08227, Barcelona, Espanya<\/h3>\n<\/div>\n<\/div>\n<\/div>\n<\/div>\n<\/div>\n<div class=\"cmsmasters_column one_third\">\n<div id=\"cmsmasters_fb_69f576c4a2bda\" class=\"cmsmasters_featured_block featured-contact\">\n<div class=\"featured_block_inner\">\n<div class=\"featured_block_text\">\n\n<div id=\"cmsmasters_icon_69f576c4a2c5d\" class=\"cmsmasters_icon_wrap\"><span class=\"cmsmasters_simple_icon cmsmasters-icon-time\"><\/span><\/div>\n\n<div id=\"cmsmasters_heading_69f576c4a2cbe\" class=\"cmsmasters_heading_wrap cmsmasters_heading_align_center\">\n\t<h3 class=\"cmsmasters_heading\">1\/10-31\/5: 09:00 a 21:00<br \/>\n1\/6-30\/9: 09:30 a 22:00<\/h3>\n<\/div>\n<\/div>\n<\/div>\n<\/div>\n<\/div>\n<div class=\"cmsmasters_column one_third\">\n<div id=\"cmsmasters_fb_69f576c4a2d40\" class=\"cmsmasters_featured_block featured-contact\">\n<div class=\"featured_block_inner\">\n<div class=\"featured_block_text\">\n<div id=\"cmsmasters_icon_69f576c4a2daa\" class=\"cmsmasters_icon_wrap\"><span class=\"cmsmasters_simple_icon cmsmasters-icon-mail-3\"><\/span><\/div>\n\n<div id=\"cmsmasters_heading_69f576c4a2e05\" class=\"cmsmasters_heading_wrap cmsmasters_heading_align_center\">\n\t<h3 class=\"cmsmasters_heading\"><a href=\"mailto:info@terrassapla\u00e7a.com\" target=\"_blank\" rel=\"noopener\">info@terrassapla\u00e7a.com<\/a><\/h3>\n<\/div>\n<\/div>\n<\/div>\n<\/div>\n<\/div>\n<\/div>\n<\/div>\n<\/div>\n<\/div>\n<\/div>\n<div id=\"cmsmasters_row_69f576c4a2e26\" class=\"cmsmasters_row cmsmasters_color_scheme_default cmsmasters_row_top_default cmsmasters_row_bot_default cmsmasters_row_boxed\">\n<div class=\"cmsmasters_row_outer_parent\">\n<div class=\"cmsmasters_row_outer\">\n<div class=\"cmsmasters_row_inner\">\n<div class=\"cmsmasters_row_margin\">\n<div class=\"cmsmasters_column one_half\">\n\n<div id=\"cmsmasters_heading_69f576c4a2ede\" class=\"cmsmasters_heading_wrap cmsmasters_heading_align_left\">\n\t<h2 class=\"cmsmasters_heading\">Poseu-vos en contacte amb nosaltres<\/h2>\n<\/div><div class=\"cmsmasters_contact_form\">\n<div class=\"wpcf7 no-js\" id=\"wpcf7-f9829-o1\" lang=\"en-US\" dir=\"ltr\" data-wpcf7-id=\"9829\">\n<div class=\"screen-reader-response\"><p role=\"status\" aria-live=\"polite\" aria-atomic=\"true\"><\/p> <ul><\/ul><\/div>\n<form action=\"\/ca\/wp-json\/wp\/v2\/pages\/9817#wpcf7-f9829-o1\" method=\"post\" class=\"wpcf7-form init\" aria-label=\"Contact form\" novalidate=\"novalidate\" data-status=\"init\">\n<div style=\"display: none;\">\n<input type=\"hidden\" name=\"_wpcf7\" value=\"9829\" \/>\n<input type=\"hidden\" name=\"_wpcf7_version\" value=\"6.0\" \/>\n<input type=\"hidden\" name=\"_wpcf7_locale\" value=\"en_US\" \/>\n<input type=\"hidden\" name=\"_wpcf7_unit_tag\" value=\"wpcf7-f9829-o1\" \/>\n<input type=\"hidden\" name=\"_wpcf7_container_post\" value=\"0\" \/>\n<input type=\"hidden\" name=\"_wpcf7_posted_data_hash\" value=\"\" \/>\n<\/div>\n<p><span id=\"wpcf7-69f576c4a43b6-wrapper\" class=\"wpcf7-form-control-wrap honeypot-551-wrap\" ><input id=\"wpcf7-69f576c4a43b6-field\"  class=\"wpcf7-form-control wpcf7-text\" type=\"text\" name=\"honeypot-551\" value=\"\" size=\"40\" tabindex=\"-1\" autocomplete=\"new-password\" \/><\/span>\n<\/p>\n<p>Nom *\n<\/p>\n<p><span class=\"wpcf7-form-control-wrap\" data-name=\"your-name\"><input size=\"40\" maxlength=\"400\" class=\"wpcf7-form-control wpcf7-text wpcf7-validates-as-required\" aria-required=\"true\" aria-invalid=\"false\" value=\"\" type=\"text\" name=\"your-name\" \/><\/span>\n<\/p>\n<p>Correu electr\u00f2nic *\n<\/p>\n<p><span class=\"wpcf7-form-control-wrap\" data-name=\"your-email\"><input size=\"40\" maxlength=\"400\" class=\"wpcf7-form-control wpcf7-email wpcf7-validates-as-required wpcf7-text wpcf7-validates-as-email\" aria-required=\"true\" aria-invalid=\"false\" value=\"\" type=\"email\" name=\"your-email\" \/><\/span>\n<\/p>\n<p>Missatge\n<\/p>\n<p><span class=\"wpcf7-form-control-wrap\" data-name=\"your-message\"><textarea cols=\"40\" rows=\"10\" maxlength=\"2000\" class=\"wpcf7-form-control wpcf7-textarea\" aria-invalid=\"false\" name=\"your-message\"><\/textarea><\/span>\n<\/p>\n<p><input class=\"wpcf7-form-control wpcf7-submit has-spinner\" type=\"submit\" value=\"Enviar el missatge\" \/>\n<\/p>\n<p class=\"accept-policy\">Al fer click en \"enviar el missatge\" acepte la <a href=\"\/ca\/politica-de-privacitat\/\">pol\u00edtica de privacitat<\/a>\n<\/p><p style=\"display: none !important;\" class=\"akismet-fields-container\" data-prefix=\"_wpcf7_ak_\"><label>&#916;<textarea name=\"_wpcf7_ak_hp_textarea\" cols=\"45\" rows=\"8\" maxlength=\"100\"><\/textarea><\/label><input type=\"hidden\" id=\"ak_js_1\" name=\"_wpcf7_ak_js\" value=\"66\"\/><script>document.getElementById( \"ak_js_1\" ).setAttribute( \"value\", ( new Date() ).getTime() );<\/script><\/p><div class=\"wpcf7-response-output\" aria-hidden=\"true\"><\/div>\n<\/form>\n<\/div>\n<\/div>\n<\/div>\n<div class=\"cmsmasters_column one_half\">\n\n<script type=\"text\/javascript\">jQuery(document).ready(function () { jQuery(\"#google_map_69f576c4a4eb3\").gMap( { address: \"Carrer Navarra, 10, 08227 Terrassa, Barcelona, Spain\", maptype: \"ROADMAP\", zoom: 14, scrollwheel: true, doubleClickZoom: true, controls: {streetViewControl: true, overviewMapControl: true, },markers: [{address: \"Carrer Navarra, 10, 08227 Terrassa, Barcelona, Spain\",},] } ); } );<\/script>\n<div id=\"google_map_69f576c4a4eb3\" class=\"google_map\"><\/div>\n<\/div>\n<\/div>\n<\/div>\n<\/div>\n<\/div>\n<\/div>\n\n","protected":false},"excerpt":{"rendered":"","protected":false},"author":9,"featured_media":0,"parent":0,"menu_order":0,"comment_status":"closed","ping_status":"closed","template":"","meta":{"footnotes":""},"class_list":["post-9817","page","type-page","status-publish","hentry"],"yoast_head":"<!-- This site is optimized with the Yoast SEO plugin v23.8 - https:\/\/yoast.com\/wordpress\/plugins\/seo\/ -->\n<title>Contacte - Terrassa Pla\u00e7a<\/title>\n<meta name=\"robots\" content=\"index, follow, max-snippet:-1, max-image-preview:large, max-video-preview:-1\" \/>\n<link rel=\"canonical\" href=\"https:\/\/www.xn--terrassaplaa-udb.com\/ca\/contacte\/\" \/>\n<meta property=\"og:locale\" content=\"ca_ES\" \/>\n<meta property=\"og:type\" content=\"article\" \/>\n<meta property=\"og:title\" content=\"Contacte - Terrassa Pla\u00e7a\" \/>\n<meta property=\"og:url\" content=\"https:\/\/www.xn--terrassaplaa-udb.com\/ca\/contacte\/\" \/>\n<meta property=\"og:site_name\" content=\"Terrassa Pla\u00e7a\" \/>\n<meta property=\"article:modified_time\" content=\"2017-11-17T10:30:27+00:00\" \/>\n<meta name=\"twitter:card\" content=\"summary_large_image\" \/>\n<meta name=\"twitter:label1\" content=\"Temps estimat de lectura\" \/>\n\t<meta name=\"twitter:data1\" content=\"3 minuts\" \/>\n<script type=\"application\/ld+json\" class=\"yoast-schema-graph\">{\"@context\":\"https:\/\/schema.org\",\"@graph\":[{\"@type\":\"WebPage\",\"@id\":\"https:\/\/www.xn--terrassaplaa-udb.com\/ca\/contacte\/\",\"url\":\"https:\/\/www.xn--terrassaplaa-udb.com\/ca\/contacte\/\",\"name\":\"Contacte - Terrassa Pla\u00e7a\",\"isPartOf\":{\"@id\":\"https:\/\/www.xn--terrassaplaa-udb.com\/#website\"},\"datePublished\":\"2017-11-09T16:17:18+00:00\",\"dateModified\":\"2017-11-17T10:30:27+00:00\",\"breadcrumb\":{\"@id\":\"https:\/\/www.xn--terrassaplaa-udb.com\/ca\/contacte\/#breadcrumb\"},\"inLanguage\":\"ca\",\"potentialAction\":[{\"@type\":\"ReadAction\",\"target\":[\"https:\/\/www.xn--terrassaplaa-udb.com\/ca\/contacte\/\"]}]},{\"@type\":\"BreadcrumbList\",\"@id\":\"https:\/\/www.xn--terrassaplaa-udb.com\/ca\/contacte\/#breadcrumb\",\"itemListElement\":[{\"@type\":\"ListItem\",\"position\":1,\"name\":\"Portada\",\"item\":\"https:\/\/www.xn--terrassaplaa-udb.com\/ca\/\"},{\"@type\":\"ListItem\",\"position\":2,\"name\":\"Contacte\"}]},{\"@type\":\"WebSite\",\"@id\":\"https:\/\/www.xn--terrassaplaa-udb.com\/#website\",\"url\":\"https:\/\/www.xn--terrassaplaa-udb.com\/\",\"name\":\"Terrassa Pla\u00e7a\",\"description\":\"\",\"potentialAction\":[{\"@type\":\"SearchAction\",\"target\":{\"@type\":\"EntryPoint\",\"urlTemplate\":\"https:\/\/www.xn--terrassaplaa-udb.com\/?s={search_term_string}\"},\"query-input\":{\"@type\":\"PropertyValueSpecification\",\"valueRequired\":true,\"valueName\":\"search_term_string\"}}],\"inLanguage\":\"ca\"}]}<\/script>\n<!-- \/ Yoast SEO plugin. -->","yoast_head_json":{"title":"Contacte - Terrassa Pla\u00e7a","robots":{"index":"index","follow":"follow","max-snippet":"max-snippet:-1","max-image-preview":"max-image-preview:large","max-video-preview":"max-video-preview:-1"},"canonical":"https:\/\/www.xn--terrassaplaa-udb.com\/ca\/contacte\/","og_locale":"ca_ES","og_type":"article","og_title":"Contacte - Terrassa Pla\u00e7a","og_url":"https:\/\/www.xn--terrassaplaa-udb.com\/ca\/contacte\/","og_site_name":"Terrassa Pla\u00e7a","article_modified_time":"2017-11-17T10:30:27+00:00","twitter_card":"summary_large_image","twitter_misc":{"Temps estimat de lectura":"3 minuts"},"schema":{"@context":"https:\/\/schema.org","@graph":[{"@type":"WebPage","@id":"https:\/\/www.xn--terrassaplaa-udb.com\/ca\/contacte\/","url":"https:\/\/www.xn--terrassaplaa-udb.com\/ca\/contacte\/","name":"Contacte - Terrassa Pla\u00e7a","isPartOf":{"@id":"https:\/\/www.xn--terrassaplaa-udb.com\/#website"},"datePublished":"2017-11-09T16:17:18+00:00","dateModified":"2017-11-17T10:30:27+00:00","breadcrumb":{"@id":"https:\/\/www.xn--terrassaplaa-udb.com\/ca\/contacte\/#breadcrumb"},"inLanguage":"ca","potentialAction":[{"@type":"ReadAction","target":["https:\/\/www.xn--terrassaplaa-udb.com\/ca\/contacte\/"]}]},{"@type":"BreadcrumbList","@id":"https:\/\/www.xn--terrassaplaa-udb.com\/ca\/contacte\/#breadcrumb","itemListElement":[{"@type":"ListItem","position":1,"name":"Portada","item":"https:\/\/www.xn--terrassaplaa-udb.com\/ca\/"},{"@type":"ListItem","position":2,"name":"Contacte"}]},{"@type":"WebSite","@id":"https:\/\/www.xn--terrassaplaa-udb.com\/#website","url":"https:\/\/www.xn--terrassaplaa-udb.com\/","name":"Terrassa Pla\u00e7a","description":"","potentialAction":[{"@type":"SearchAction","target":{"@type":"EntryPoint","urlTemplate":"https:\/\/www.xn--terrassaplaa-udb.com\/?s={search_term_string}"},"query-input":{"@type":"PropertyValueSpecification","valueRequired":true,"valueName":"search_term_string"}}],"inLanguage":"ca"}]}},"_links":{"self":[{"href":"https:\/\/www.xn--terrassaplaa-udb.com\/ca\/wp-json\/wp\/v2\/pages\/9817"}],"collection":[{"href":"https:\/\/www.xn--terrassaplaa-udb.com\/ca\/wp-json\/wp\/v2\/pages"}],"about":[{"href":"https:\/\/www.xn--terrassaplaa-udb.com\/ca\/wp-json\/wp\/v2\/types\/page"}],"author":[{"embeddable":true,"href":"https:\/\/www.xn--terrassaplaa-udb.com\/ca\/wp-json\/wp\/v2\/users\/9"}],"replies":[{"embeddable":true,"href":"https:\/\/www.xn--terrassaplaa-udb.com\/ca\/wp-json\/wp\/v2\/comments?post=9817"}],"version-history":[{"count":5,"href":"https:\/\/www.xn--terrassaplaa-udb.com\/ca\/wp-json\/wp\/v2\/pages\/9817\/revisions"}],"predecessor-version":[{"id":9867,"href":"https:\/\/www.xn--terrassaplaa-udb.com\/ca\/wp-json\/wp\/v2\/pages\/9817\/revisions\/9867"}],"wp:attachment":[{"href":"https:\/\/www.xn--terrassaplaa-udb.com\/ca\/wp-json\/wp\/v2\/media?parent=9817"}],"curies":[{"name":"wp","href":"https:\/\/api.w.org\/{rel}","templated":true}]}}