{"id":9836,"date":"2017-11-11T19:32:34","date_gmt":"2017-11-11T19:32:34","guid":{"rendered":"http:\/\/www.terrassapla\u00e7a.com\/?page_id=9836"},"modified":"2018-09-28T11:49:52","modified_gmt":"2018-09-28T11:49:52","slug":"avis-legal","status":"publish","type":"page","link":"https:\/\/www.xn--terrassaplaa-udb.com\/ca\/avis-legal\/","title":{"rendered":"Av\u00eds legal"},"content":{"rendered":"<style type=\"text\/css\"><\/style><h1>Av\u00eds legal<\/h1>\n<p>Aquest lloc web (en endavant, el \u201cLloc\u201d), \u00e9s propietat de Real IS AG Establecimiento Permanente en Espa\u00f1a (la \u201cCompanyia\u201d), una empresa amb domicili social a Carrer Vel\u00e1zquez, 51- 5\u00aa Planta Derecha 28001 \u2013 Madrid i C.I.F.: W2764172I<\/p>\n<h2>1. CONDICIONS<\/h2>\n<h3>1.1.- Acceptaci\u00f3 de les condicions<\/h3>\n<p>En accedir com a usuari, navegar i fer servir el nostre Lloc web, acceptes haver llegit, ent\u00e8s i estar-hi d\u2019acord amb els termes i condicions que s\u2019enuncien a continuaci\u00f3. En endavant, les \u201cCondicions d\u2019\u00fas\u201d o el \u201cContracte\u201d.<\/p>\n<h3>1.2.- Modificaci\u00f3 de les condicions<\/h3>\n<p>La Companyia pot canviar, modificar, afegir o eliminar parts d\u2019aquestes Condicions Generals d\u2019\u00fas en qualsevol moment. Aquestes modificacions es faran efectives transcorreguts almenys tres (3) dies des de la seva primera publicaci\u00f3 a trav\u00e9s del Lloc. En tot cas, publicarem les modificacions de les Condicions d\u2019\u00fas en el Lloc i indicarem dalt de tot la data en qu\u00e8 comen\u00e7a a ser efectiva la nova versi\u00f3 de les condicions. Si segueixes fent servir el Lloc un cop introdu\u00efdes aquestes modificacions, haur\u00e0s acceptat les noves Condicions d\u2019\u00fas. Si no acceptes complir aquestes o les futures Condicions d\u2019\u00fas, no facis servir el Lloc (o segueixis fent-ho), ni hi accedeixis (o segueixis accedint-hi). \u00c9s la teva responsabilitat visitar de forma habitual el Lloc per determinar si s\u2019han modificat aquestes condicions.<\/p>\n<p>EN AQUEST SENTIT, SI US PLAU, LLEGEIX ATENTAMENT AQUESTES CONDICIONS D\u2019\u00daS, JA QUE CONTENEN INFORMACI\u00d3 IMPORTANT PEL QUE FA ALS TEUS DRETS LEGALS, ALS MITJANS PER FER VALER AQUESTS DRETS I A LES TEVES OBLIGACIONS. AQUESTES CONDICIONS INCLOUEN DIVERSES LIMITACIONS I EXCLUSIONS, AIX\u00cd COM UNA CL\u00c0USULA DE RESOLUCI\u00d3 DE CONFLICTES QUE REGULA LA MANERA EN QU\u00c8 ES DIRIMIR\u00c0 QUALSEVOL CONTROV\u00c8RSIA.<\/p>\n<h3>1.3.- Requisits: menors d\u2019edat<\/h3>\n<p>ELS MENORS DE DIVUIT ANYS NO PODEN ACCEDIR AL LLOC.<\/p>\n<p>Aquest Lloc est\u00e0 destinat exclusivament a usuaris majors de divuit (18) anys. L\u2019\u00fas i l\u2019acc\u00e9s al Lloc per part de persones menors de divuit (18) anys no est\u00e0 perm\u00e8s, llevat que es faci mitjan\u00e7ant els seus representants legals, i constitueix una infracci\u00f3 d\u2019aquestes Condicions d\u2019\u00fas. En accedir al Lloc, manifestes i garanteixes que ets major de divuit (18) anys i acceptes i t\u2019obligues a complir tots els termes i condicions d\u2019aquest Contracte.<\/p>\n<p>En conseq\u00fc\u00e8ncia, i tot i que qualsevol persona pot consultar la p\u00e0gina principal del Lloc i les actuals Condicions d\u2019\u00das, nom\u00e9s aquells usuaris que compleixin amb el requisit anterior poden accedir al Servei.<\/p>\n<h3>1.4.- Interpretaci\u00f3 de les condicions<\/h3>\n<p>Aquestes Condicions d\u2019\u00fas constitueixen l\u2019acord complert entre tu i la Companyia pel que fa a l\u2019\u00fas del Lloc, i substitueixen tots els acords anteriors entre tu i la Companyia en relaci\u00f3 a la utilitzaci\u00f3 del Lloc. L\u2019omissi\u00f3 per part de la Companyia en exercici de qualsevol dret, o l\u2019exig\u00e8ncia de compliment de qualsevol dret o disposici\u00f3 d\u2019aquestes Condicions d\u2019\u00fas no constitueix una ren\u00fancia a aquest dret o disposici\u00f3 en aquest cas en concret o en qualsevol altre cas. Si alguna disposici\u00f3 d\u2019aquest Contracte \u00e9s declarada inv\u00e0lida, la resta del Contracte continuar\u00e0 sent vigent en tots els seus aspectes. Si qualsevol disposici\u00f3 d\u2019aquestes Condicions d\u2019\u00fas \u00e9s declarada il\u2022legal, nul\u2022la o inaplicable per qualsevol causa, aquesta disposici\u00f3 quedar\u00e0 exclosa d\u2019aquestes Condicions d\u2019\u00fas sense que aix\u00f2 afecti la validesa i l\u2019aplicabilitat de la resta de disposicions.<\/p>\n<p>Aquest Lloc est\u00e0 disponible en castell\u00e0, angl\u00e8s i catal\u00e0, tot i que l\u2019idioma que preval \u00e9s el castell\u00e0. Aquestes Condicions Generals estan disponibles en castell\u00e0. En cas de conflicte d\u2019interpretaci\u00f3, prevalen les Condicions redactades en castell\u00e0.<\/p>\n<h2>2.- CONTINGUT DEL WEB<\/h2>\n<p>A trav\u00e9s d\u2019aquest Lloc, la Companyia ofereix continguts relacionats amb el parc comercial Terrassa Pla\u00e7a.<\/p>\n<h2>3.- SERVEIS ADICIONALS<\/h2>\n<p>Aquest Lloc ofereix als usuaris la possibilitat d\u2019incloure una s\u00e8rie de dades personals (en concret: el nom, el correu electr\u00f2nic, el tel\u00e8fon i el curr\u00edculum) en un formulari habilitat a la pestanya de Contacte, per participar en futurs processos de selecci\u00f3. Un cop hagis emplenat totes les dades, prem el bot\u00f3 \u201cEnviar\u201d. Aix\u00ed mateix, en cas que acceptis la casella habilitada a aquest efecte, la Companyia enviar\u00e0 a l\u2019usuari comunicacions comercials i ofertes. Pots donar-te de baixa i deixar de rebre comunicacions comercials i ofertes en qualsevol cas i en qualsevol moment. En aquest cas cal que envi\u00efs un correu electr\u00f2nic a l\u2019adre\u00e7a seg\u00fcent [*].<\/p>\n<p>RECORDA QUE HAS DE LLEGIR I ACCEPTAR LES CONDICIONS D\u2019\u00daS I LA POL\u00cdTICA DE PRIVACITAT, ELS ENLLA\u00c7OS DE LES QUALS TROBAR\u00c0S AL FINAL DEL FORMULARI, ABANS DE CONFIRMAR L\u2019ENVIAMENT DE LES TEVES DADES.<\/p>\n<h2>4.- OBLIGACIONS DE LES PARTS<\/h2>\n<h3>4.1.- Bona fe<\/h3>\n<p>Amb car\u00e0cter general, totes dues parts s\u2019obliguen a complir aquestes Condicions Generals, aix\u00ed com les advert\u00e8ncies especials o instruccions d\u2019\u00fas establertes per aquestes Condicions, i actuar sempre d\u2019acord a la llei, als bons costums i a les exig\u00e8ncies de la bona fe, tot fent servir la dilig\u00e8ncia adequada a la naturalesa del servei del qual gaudeix, i abstenint-se de fer servir el Lloc de qualsevol manera que pogu\u00e9s impedir, danyar o deteriorar el funcionament normal d\u2019aquest Lloc, els bens o drets de la Companyia, els seus prove\u00efdors, la resta d\u2019usuaris o, en general, de qualsevol tercer.<\/p>\n<h3>4.2.- Obligacions de la Companyia<\/h3>\n<p>La Companyia s\u2019ha d\u2019esfor\u00e7ar al m\u00e0xim per garantir que l\u2019acc\u00e9s al Lloc sigui ininterromput i amb una transmissi\u00f3 sense errors. No obstant aix\u00f2, tenint en compte la naturalesa d\u2019Internet, no ho podem garantir plenament. A m\u00e9s, de vegades, l\u2019acc\u00e9s al Lloc es pot suspendre o restringir de forma temporal per tal de dur a terme tasques de reparaci\u00f3 o manteniment, o per implementar noves eines o serveis. Intentarem, en la mesura que puguem, minimitzar la freq\u00fc\u00e8ncia i la durada de cadascuna d\u2019aquestes suspensions i restriccions d\u2019acc\u00e9s.<\/p>\n<h3>4.3.- Obligacions de l\u2019usuari<\/h3>\n<p>Ser usuari del Lloc no nom\u00e9s suposa l\u2019acc\u00e9s a uns serveis, sin\u00f3 tamb\u00e9 que el seu \u00fas sigui conforme a les normes de cortesia i etiqueta que aplicaries a la teva vida real.<br \/>\nL\u2019Usuari t\u00e9 estrictament prohibit usar els continguts del Lloc per realitzar qualsevol activitat que pugui estar considerada il\u2022legal, immoral o contr\u00e0ria a l\u2019ordre p\u00fablic. Dins de les activitats que no es permeten s\u2019inclouen. a t\u00edtol enunciatiu per\u00f2 no limitatiu: l\u2019acc\u00e9s il\u2022l\u00edcit a sistemes inform\u00e0tics de tercers (hacking); la difusi\u00f3 de troians, virus inform\u00e0tics o programari destinat a causar danys (cracking) o obtenir dades de sistemes inform\u00e0tics. A m\u00e9s, cal que assumeixis les obligacions seg\u00fcents:<\/p>\n<p>&#8211; Fer servir el Lloc de forma diligent i correcta.<br \/>\n&#8211; No fer servir el Lloc: (a) per a la realitzaci\u00f3 d\u2019activitats contr\u00e0ries a la llei, la moral, els bons costums acceptats o a l\u2019ordre p\u00fablic establert, i (b) amb objectius o efectes il\u2022l\u00edcits, prohibits o lesius de drets i interessos de tercers. La Companyia declina qualsevol responsabilitat que pogu\u00e9s derivar de tot el citat anteriorment.<br \/>\n&#8211; Abstenir-se d\u2019utilitzar continguts de qualsevol forma que puguin danyar, inutilitzar, sobrecarregar o deteriorar el Lloc o impedir la utilitzaci\u00f3 normal o el gaudi del Lloc per part dels usuaris.<br \/>\n&#8211; Abstenir-se d\u2019alterar o manipular les mencions de \u201ccopyright\u201d i d\u2019altres dades identificatives dels drets de propietat intel\u2022lectual o industrial de la Companyia, aix\u00ed com els dispositius t\u00e8cnics de protecci\u00f3, les empremtes digitals o qualsevol altre instrument de protecci\u00f3 de continguts.<\/p>\n<p>No est\u00e0 perm\u00e8s revendre, realitzar deep-links, utilitzar, copiar, monitoritzar (per exemple, spider, scrape), ensenyar, descarregar o reproduir el contingut, la informaci\u00f3, el programari, els productes o els serveis disponibles en el nostre lloc web per a qualsevol activitat comercial o competitiva.<br \/>\nEn cas de registrar-te per rebre not\u00edcies sobre els nostres serveis o promocions o per treballar amb nosaltres, t\u2019obligues a proporcionar dades vertaderes i a mantenir-les actualitzades.<\/p>\n<h2>5.- PROPIETAT INTEL\u2022LECTUAL DEL CONTINGUT I DEL LLOC<\/h2>\n<p>Tot el contingut del lloc i tot el contingut disponible a trav\u00e9s del Lloc, inclosos els dissenys, text, gr\u00e0fiques, imatges, v\u00eddeos, informacions, aplicacions, programari i d\u2019altres arxius, aix\u00ed com la seva selecci\u00f3 i disposici\u00f3 (el \u201cContingut del lloc\u201d) s\u00f3n propietat exclusiva de la Companyia o dels seus llicenciadors, amb tots els drets reservats. Cap part del Contingut del lloc es pot modificar, copiar, distribuir, emmarcar, reproduir, tornar a publicar, descarregar, ensenyar, publicar, transmetre o vendre de cap manera o a trav\u00e9s de cap mitj\u00e0, totalment o parcial, sense el consentiment previ per escrit de la Companyia.<\/p>\n<p>No pots carregar o tornar a publicar Contingut del lloc en cap lloc d\u2019Internet, Intranet o Extranet ni integrar la informaci\u00f3 en cap altra base de dades o compilaci\u00f3; qualsevol altre \u00fas del Contingut del lloc queda estrictament prohibit.<\/p>\n<p>L\u2019\u00fas del Lloc o del Contingut del lloc d\u2019una forma diferent a la que estableixen espec\u00edficament aquestes Condicions d\u2019us, sense el consentiment previ per escrit de la Companyia, queda estrictament prohibit. L\u2019\u00fas no autoritzat pot constituir tamb\u00e9 una infracci\u00f3 de la legislaci\u00f3 aplicable, on s\u2019inclouen les lleis de marques i drets d\u2019autor, i les normatives i reglaments aplicables en mat\u00e8ria de comunicacions. Llevat que s\u2019indiqui expressament el contrari en aquest Contracte, res del que s\u2019estableix en aquestes Condicions d\u2019\u00fas hauria d\u2019interpretar-se en el sentit d\u2019atorgar una llic\u00e8ncia sobre drets de propietat intel\u2022lectual, ja sigui per impediment legal, impl\u00edcitament o de qualsevol altra forma.<\/p>\n<h2>6.- DURACI\u00d3<\/h2>\n<p>La relaci\u00f3 jur\u00eddica derivada de l\u2019acc\u00e9s i la utilitzaci\u00f3 del Lloc t\u00e9 una durada indefinida. No obstant aix\u00f2, aquesta relaci\u00f3 es considerar\u00e0 finalitzada amb car\u00e0cter immediat quan el Lloc publiqui unes Condicions Generals noves. L\u2019acc\u00e9s i utilitzaci\u00f3 del Lloc implica l\u2019adhesi\u00f3 plena i l\u2019acceptaci\u00f3 de les noves condicions i, en conseq\u00fc\u00e8ncia, l\u2019inici d\u2019una relaci\u00f3 jur\u00eddica nova.<\/p>\n<h2>7.- RESPONSABILITAT: LIMITACIONS<\/h2>\n<p>Qui fa servir aquest Lloc ho fa per compte propi i risc. La Companyia no es responsabilitza dels errors o omissions que pugui contenir el Lloc o d\u2019altres continguts als quals es pugui accedir a trav\u00e9s del Lloc. La Companyia tampoc es pot considerar responsable per cap dany derivat de la utilitzaci\u00f3 d\u2019aquest Lloc, ni per cap actuaci\u00f3 realitzada sobre la base de la informaci\u00f3 que s\u2019hi publica.<\/p>\n<p>EN LA MESURA QUE SIGUI LEGALMENT POSSIBLE, ACEPTES EXONERAR DE TOTA RESPONSABILITAT A LA COMPANYIA, A LES EMPRESES ASSOCIADES I FILIALS I ALS RESPECTIUS ADMINISTRADORS, DIRECTIUS, AGENTS, CONTRACTISTES, SOCIS I EMPLEATS, DAVANT QUALSEVOL P\u00c8RDUA, RESPONSABILITAT, RECLAMACI\u00d3, DEMANDA, DANYS, COSTOS I DESPESES, INCLOSOS ELS HONORARIS RAONABLES D\u2019ADVOCATS, DERIVATS DE QUALSEVOL CONTINGUT DE QUALSEVOL TIPUS D\u2019APLICACIONS, PROGRAMARI O CONTINGUT DE TERCERS, DE LA TEVA UTILITZACI\u00d3 DEL SERVEI O DEL LLOC, DE LA TEVA CONDUCTA EN RELACI\u00d3 AMB EL SERVEI O EL LLOC, O DE QUALSEVOL INCOMPLIMENT D\u2019AQUEST CONTRACTE, DE QUALSEVOL LLEI O DRETS D\u2019UN TERCER.<\/p>\n<p>Per tant, en la mesura que sigui legalment possible, nosaltres (juntament amb els nostres responsables, directors, empleats, representants, associats, prove\u00efdors o tercers connectats a nosaltres) no som responsables de (a) els danys, p\u00e8rdues econ\u00f2miques o virus que puguin infectar l\u2019equip, programes inform\u00e0tics, dades o una altra propietat com a resultat de l\u2019acc\u00e9s al nostre lloc web, o de la desc\u00e0rrega de contingut des d\u2019aquest, (b) qualsevol lesi\u00f3, destrucci\u00f3, p\u00e8rdua, reclamaci\u00f3, causa de for\u00e7a major, accident, retard o qualsevol dany directe, especial, exemplar, punitiu, indirecte, fortu\u00eft o important de qualsevol tipus (inclosos, sense limitaci\u00f3, p\u00e8rdua de beneficis o estalvis) que es deriven d\u2019un contracte, neglig\u00e8ncia, responsabilitat objectiva o, pel contrari, que sorgeixin o que estiguin connectats d\u2019alguna forma amb: (i) l\u2019\u00fas del nostre Lloc o del contingut; (ii) qualsevol error, retard (inclosa la impossibilitat de fer servir algun component del nostre lloc web per accedir a les compres); (iii) el rendiment o la inactivitat nostra o de un prove\u00efdor, incl\u00fas en el sup\u00f2sit que ens sigui comunicat que aquests danys es produiran. La Companyia no \u00e9s responsable de cap p\u00e8rdua econ\u00f2mica o dany sofert per tu com a resultat de l\u2019acc\u00e9s al nostre Lloc o de la desc\u00e0rrega de contingut del nostre Lloc que no estiguin prevists al par\u00e0graf anterior, excepte en el sup\u00f2sit que el dany sigui ocasionat directament per neglig\u00e8ncia de la Companyia. En aquest cas, la responsabilitat es limita a fer front als danys directament ocasionats en compliment de la normativa espanyola de consum.<\/p>\n<p>Res en aquestes Condicions d\u2019\u00das exclou o limita (i) la responsabilitat de totes dues parts per mort o lesions causades per culpa o neglig\u00e8ncia o que puguin constituir frau; o (ii) els teus drets com a consumidor.<\/p>\n<h2>8.- MISCEL\u2022L\u00c0NIA<\/h2>\n<h3>8.1.- Pol\u00edtica de Privacitat i Galetes<\/h3>\n<p>Ens amo\u00efna la privacitat dels nostres usuaris. SI US PLAU, LLEGEIX LA POL\u00cdTICA DE PRIVACITAT I GALETES del Lloc (accessible a trav\u00e9s del seg\u00fcent enlla\u00e7 <a href=\"http:\/\/www.terrassapla\u00e7a.com\/ca\/politica-de-galetes\/\">http:\/\/www.terrassapla\u00e7a.com\/ca\/politica-de-galetes\/<\/a>).<\/p>\n<h3>8.2.- Atenci\u00f3 al client.<\/h3>\n<p>Per a qualsevol comunicaci\u00f3 amb la Companyia que hagis de realitzar conforme a les Condicions anteriors o que vulguis efectuar, pots escriure un correu electr\u00f2nic a la seg\u00fcent adre\u00e7a de correu electr\u00f2nic: <a href=\"mailto:info@terrassapla\u00e7a.com\">info@terrassapla\u00e7a.com<\/a>.<\/p>\n<h3>8.3.- Llei aplicable<\/h3>\n<p>En visitar o fer \u00fas del Lloc acceptes que les lleis de l\u2019estat espanyol, sense tenir en compte els principis del conflicte de lleis, s\u00f3n les que regulen aquestes Condicions d\u2019\u00das, aix\u00ed com qualsevol disputa que pugui sorgir entre tu i la Companyia i\/o algun dels nostres afiliats.<\/p>\n","protected":false},"excerpt":{"rendered":"<p>Av\u00eds legal Aquest lloc web (en endavant, el \u201cLloc\u201d), \u00e9s propietat de Real IS AG Establecimiento Permanente en Espa\u00f1a (la \u201cCompanyia\u201d), una empresa amb domicili social a Carrer Vel\u00e1zquez, 51- 5\u00aa Planta Derecha 28001 \u2013 Madrid i C.I.F.: W2764172I 1. CONDICIONS 1.1.- Acceptaci\u00f3 de les condicions En accedir com a usuari, navegar i fer servir&#8230;<\/p>\n","protected":false},"author":9,"featured_media":0,"parent":0,"menu_order":0,"comment_status":"closed","ping_status":"closed","template":"","meta":{"footnotes":""},"class_list":["post-9836","page","type-page","status-publish","hentry"],"yoast_head":"<!-- This site is optimized with the Yoast SEO plugin v23.8 - https:\/\/yoast.com\/wordpress\/plugins\/seo\/ -->\n<title>Av\u00eds legal - Terrassa Pla\u00e7a<\/title>\n<meta name=\"robots\" content=\"index, follow, max-snippet:-1, max-image-preview:large, max-video-preview:-1\" \/>\n<link rel=\"canonical\" href=\"https:\/\/www.xn--terrassaplaa-udb.com\/ca\/avis-legal\/\" \/>\n<meta property=\"og:locale\" content=\"ca_ES\" \/>\n<meta property=\"og:type\" content=\"article\" \/>\n<meta property=\"og:title\" content=\"Av\u00eds legal - Terrassa Pla\u00e7a\" \/>\n<meta property=\"og:description\" content=\"Av\u00eds legal Aquest lloc web (en endavant, el \u201cLloc\u201d), \u00e9s propietat de Real IS AG Establecimiento Permanente en Espa\u00f1a (la \u201cCompanyia\u201d), una empresa amb domicili social a Carrer Vel\u00e1zquez, 51- 5\u00aa Planta Derecha 28001 \u2013 Madrid i C.I.F.: W2764172I 1. CONDICIONS 1.1.- Acceptaci\u00f3 de les condicions En accedir com a usuari, navegar i fer servir...\" \/>\n<meta property=\"og:url\" content=\"https:\/\/www.xn--terrassaplaa-udb.com\/ca\/avis-legal\/\" \/>\n<meta property=\"og:site_name\" content=\"Terrassa Pla\u00e7a\" \/>\n<meta property=\"article:modified_time\" content=\"2018-09-28T11:49:52+00:00\" \/>\n<meta name=\"twitter:card\" content=\"summary_large_image\" \/>\n<meta name=\"twitter:label1\" content=\"Temps estimat de lectura\" \/>\n\t<meta name=\"twitter:data1\" content=\"12 minuts\" \/>\n<script type=\"application\/ld+json\" class=\"yoast-schema-graph\">{\"@context\":\"https:\/\/schema.org\",\"@graph\":[{\"@type\":\"WebPage\",\"@id\":\"https:\/\/www.xn--terrassaplaa-udb.com\/ca\/avis-legal\/\",\"url\":\"https:\/\/www.xn--terrassaplaa-udb.com\/ca\/avis-legal\/\",\"name\":\"Av\u00eds legal - Terrassa Pla\u00e7a\",\"isPartOf\":{\"@id\":\"https:\/\/www.xn--terrassaplaa-udb.com\/#website\"},\"datePublished\":\"2017-11-11T19:32:34+00:00\",\"dateModified\":\"2018-09-28T11:49:52+00:00\",\"breadcrumb\":{\"@id\":\"https:\/\/www.xn--terrassaplaa-udb.com\/ca\/avis-legal\/#breadcrumb\"},\"inLanguage\":\"ca\",\"potentialAction\":[{\"@type\":\"ReadAction\",\"target\":[\"https:\/\/www.xn--terrassaplaa-udb.com\/ca\/avis-legal\/\"]}]},{\"@type\":\"BreadcrumbList\",\"@id\":\"https:\/\/www.xn--terrassaplaa-udb.com\/ca\/avis-legal\/#breadcrumb\",\"itemListElement\":[{\"@type\":\"ListItem\",\"position\":1,\"name\":\"Portada\",\"item\":\"https:\/\/www.xn--terrassaplaa-udb.com\/ca\/\"},{\"@type\":\"ListItem\",\"position\":2,\"name\":\"Av\u00eds legal\"}]},{\"@type\":\"WebSite\",\"@id\":\"https:\/\/www.xn--terrassaplaa-udb.com\/#website\",\"url\":\"https:\/\/www.xn--terrassaplaa-udb.com\/\",\"name\":\"Terrassa Pla\u00e7a\",\"description\":\"\",\"potentialAction\":[{\"@type\":\"SearchAction\",\"target\":{\"@type\":\"EntryPoint\",\"urlTemplate\":\"https:\/\/www.xn--terrassaplaa-udb.com\/?s={search_term_string}\"},\"query-input\":{\"@type\":\"PropertyValueSpecification\",\"valueRequired\":true,\"valueName\":\"search_term_string\"}}],\"inLanguage\":\"ca\"}]}<\/script>\n<!-- \/ Yoast SEO plugin. -->","yoast_head_json":{"title":"Av\u00eds legal - Terrassa Pla\u00e7a","robots":{"index":"index","follow":"follow","max-snippet":"max-snippet:-1","max-image-preview":"max-image-preview:large","max-video-preview":"max-video-preview:-1"},"canonical":"https:\/\/www.xn--terrassaplaa-udb.com\/ca\/avis-legal\/","og_locale":"ca_ES","og_type":"article","og_title":"Av\u00eds legal - Terrassa Pla\u00e7a","og_description":"Av\u00eds legal Aquest lloc web (en endavant, el \u201cLloc\u201d), \u00e9s propietat de Real IS AG Establecimiento Permanente en Espa\u00f1a (la \u201cCompanyia\u201d), una empresa amb domicili social a Carrer Vel\u00e1zquez, 51- 5\u00aa Planta Derecha 28001 \u2013 Madrid i C.I.F.: W2764172I 1. CONDICIONS 1.1.- Acceptaci\u00f3 de les condicions En accedir com a usuari, navegar i fer servir...","og_url":"https:\/\/www.xn--terrassaplaa-udb.com\/ca\/avis-legal\/","og_site_name":"Terrassa Pla\u00e7a","article_modified_time":"2018-09-28T11:49:52+00:00","twitter_card":"summary_large_image","twitter_misc":{"Temps estimat de lectura":"12 minuts"},"schema":{"@context":"https:\/\/schema.org","@graph":[{"@type":"WebPage","@id":"https:\/\/www.xn--terrassaplaa-udb.com\/ca\/avis-legal\/","url":"https:\/\/www.xn--terrassaplaa-udb.com\/ca\/avis-legal\/","name":"Av\u00eds legal - Terrassa Pla\u00e7a","isPartOf":{"@id":"https:\/\/www.xn--terrassaplaa-udb.com\/#website"},"datePublished":"2017-11-11T19:32:34+00:00","dateModified":"2018-09-28T11:49:52+00:00","breadcrumb":{"@id":"https:\/\/www.xn--terrassaplaa-udb.com\/ca\/avis-legal\/#breadcrumb"},"inLanguage":"ca","potentialAction":[{"@type":"ReadAction","target":["https:\/\/www.xn--terrassaplaa-udb.com\/ca\/avis-legal\/"]}]},{"@type":"BreadcrumbList","@id":"https:\/\/www.xn--terrassaplaa-udb.com\/ca\/avis-legal\/#breadcrumb","itemListElement":[{"@type":"ListItem","position":1,"name":"Portada","item":"https:\/\/www.xn--terrassaplaa-udb.com\/ca\/"},{"@type":"ListItem","position":2,"name":"Av\u00eds legal"}]},{"@type":"WebSite","@id":"https:\/\/www.xn--terrassaplaa-udb.com\/#website","url":"https:\/\/www.xn--terrassaplaa-udb.com\/","name":"Terrassa Pla\u00e7a","description":"","potentialAction":[{"@type":"SearchAction","target":{"@type":"EntryPoint","urlTemplate":"https:\/\/www.xn--terrassaplaa-udb.com\/?s={search_term_string}"},"query-input":{"@type":"PropertyValueSpecification","valueRequired":true,"valueName":"search_term_string"}}],"inLanguage":"ca"}]}},"_links":{"self":[{"href":"https:\/\/www.xn--terrassaplaa-udb.com\/ca\/wp-json\/wp\/v2\/pages\/9836"}],"collection":[{"href":"https:\/\/www.xn--terrassaplaa-udb.com\/ca\/wp-json\/wp\/v2\/pages"}],"about":[{"href":"https:\/\/www.xn--terrassaplaa-udb.com\/ca\/wp-json\/wp\/v2\/types\/page"}],"author":[{"embeddable":true,"href":"https:\/\/www.xn--terrassaplaa-udb.com\/ca\/wp-json\/wp\/v2\/users\/9"}],"replies":[{"embeddable":true,"href":"https:\/\/www.xn--terrassaplaa-udb.com\/ca\/wp-json\/wp\/v2\/comments?post=9836"}],"version-history":[{"count":6,"href":"https:\/\/www.xn--terrassaplaa-udb.com\/ca\/wp-json\/wp\/v2\/pages\/9836\/revisions"}],"predecessor-version":[{"id":10045,"href":"https:\/\/www.xn--terrassaplaa-udb.com\/ca\/wp-json\/wp\/v2\/pages\/9836\/revisions\/10045"}],"wp:attachment":[{"href":"https:\/\/www.xn--terrassaplaa-udb.com\/ca\/wp-json\/wp\/v2\/media?parent=9836"}],"curies":[{"name":"wp","href":"https:\/\/api.w.org\/{rel}","templated":true}]}}