{"id":9838,"date":"2017-11-11T19:32:04","date_gmt":"2017-11-11T19:32:04","guid":{"rendered":"http:\/\/www.terrassapla\u00e7a.com\/?page_id=9838"},"modified":"2017-11-14T09:30:59","modified_gmt":"2017-11-14T09:30:59","slug":"politica-de-galetes","status":"publish","type":"page","link":"https:\/\/www.xn--terrassaplaa-udb.com\/ca\/politica-de-galetes\/","title":{"rendered":"Pol\u00edtica de galetes"},"content":{"rendered":"<style type=\"text\/css\"><\/style><h1>POL\u00cdTICA DE GALETES<\/h1>\n<h2>\u00daS DE GALETES I WEB BUGS PER PART DEL WEB DEL PARQUE COMERCIAL TERRASSA PLA\u00c7A:<\/h2>\n<p>El web del Parque Comercial Terrassa Pla\u00e7a fa servir \u201cGaletes\u201d i d\u2019altres mecanismes similars (en endavant, Galetes). Les Galetes s\u00f3n fitxers que s\u2019envien a un navegador mitjan\u00e7ant un servidor web per enregistrar l\u2019activitat de l\u2019Usuari en un web determinat, apps i\/o serveis del web del Parque Comercial Terrassa Pla\u00e7a (en endavant, els Serveis). La primera finalitat de les Galetes \u00e9s la de facilitar-li a l\u2019Usuari un acc\u00e9s m\u00e9s r\u00e0pid als Serveis seleccionats. A m\u00e9s, les Galetes personalitzen els Serveis que ofereix el web del Parque Comercial Terrassa Pla\u00e7a, tot facilitant i oferint a cada Usuari la informaci\u00f3 que li \u00e9s o pot ser-li d\u2019inter\u00e8s, tenint en compte l\u2019\u00fas que fa dels Serveis.<\/p>\n<p>El web del Parque Comercial Terrassa Pla\u00e7a fa servir Galetes per personalitzar i facilitar la navegaci\u00f3 de l\u2019Usuari al m\u00e0xim. Les Galetes s\u2019associen \u00fanicament a un Usuari an\u00f2nim i al seu ordinador i no proporcionen refer\u00e8ncies que permetin deduir dades personals de l\u2019Usuari. L\u2019Usuari pot configurar el seu navegador perqu\u00e8 notifiqui o rebutgi la instal\u2022laci\u00f3 de les Galetes enviades pel web del Parque Comercial Terrassa Pla\u00e7a, sense que aix\u00f2 perjudiqui la possibilitat de l\u2019Usuari d\u2019accedir als diferents Continguts. Tanmateix, us fem saber que, en tot cas, la qualitat del funcionament de la p\u00e0gina web pot disminuir.<\/p>\n<h2>TIPOLOGIA, FINALITAT I FUNCIONAMENT DE LES GALETES:<\/h2>\n<p>Les Galetes, en funci\u00f3 de la seva perman\u00e8ncia, poden dividir-se en Galetes de sessi\u00f3 o permanents. Les primeres expiren quan l\u2019Usuari tanca el navegador. Las segones expiren en funci\u00f3 de quan s\u2019hagi aconseguit l\u2019objectiu que tenen (per exemple: perqu\u00e8 l\u2019Usuari es mantingui identificat als Serveis del Parque Comercial Terrassa Pla\u00e7a) o b\u00e9 quan s\u2019esborrin manualment.<\/p>\n<p>A m\u00e9s, en funci\u00f3 del seu objectiu, les Galetes poder classificar-se de la forma seg\u00fcent:<\/p>\n<p><strong>GALETES DE RENDIMENT:<\/strong> Aquest tipus de Galeta recorda les prefer\u00e8ncies de l\u2019Usuari pel que fa a les eines que hi ha als Serveis, amb la qual cosa l\u2019usuari no ha de tornar a configurar el servei cada cop que el visita. Com a exemple, dins d\u2019aquesta tipologia s\u2019inclouen:<\/p>\n<p>Par\u00e0metres del volum dels reproductors de v\u00eddeo i so.<\/p>\n<p>Les velocitats de transmissi\u00f3 de v\u00eddeo que siguin compatibles amb el navegador.<\/p>\n<p>Els objectes desats al \u201ccarret\u00f3 electr\u00f2nic\u201d dins dels Serveis de comer\u00e7 electr\u00f2nic com ara les botigues.<\/p>\n<p><strong>GALETES DE GEO-LOCALITZACI\u00d3:<\/strong> Aquestes Galetes es fan servir per esbrinar en quin pa\u00eds es troba l\u2019Usuari quan sol\u2022licita un servei. Aquesta Galeta \u00e9s totalment an\u00f2nima i nom\u00e9s es fa servir per adaptar el contingut a una localitzaci\u00f3 determinada.<\/p>\n<p><strong>GALETES DE REGISTRE:<\/strong> Les Galetes de registre es generen un cop l\u2019Usuari s\u2019ha registrat o, posteriorment, ha iniciat la sessi\u00f3, i es fan servir per identificar-lo als Serveis amb els seg\u00fcents objectius:<\/p>\n<p>\u2022 Mantenir l\u2019Usuari identificat de forma que, si tanca un Servei, el navegador o l\u2019ordinador, i en un altre moment o un altre dia torna a entrar en aquest Servei, seguir\u00e0 identificat. D\u2019aquesta manera la navegaci\u00f3 de l\u2019Usuari \u00e9s m\u00e9s f\u00e0cil i no ha de tornar a identificar-se.<br \/>\n\u2022 Aquesta funcionalitat es pot suprimir si l\u2019Usuari \u201ctanca la sessi\u00f3\u201d. Llavors, aquesta Galeta s\u2019elimina i la propera vegada que l\u2019Usuari accedeixi al Servei haur\u00e0 de tornar a iniciar la sessi\u00f3 per tal d\u2019estar identificat.<br \/>\n\u2022 Comprovar si l\u2019Usuari est\u00e0 autoritzat per accedir a uns determinats Serveis com, per exemple, participar en un concurs.<\/p>\n<p><strong>GALETES ANAL\u00cdTIQUES:<\/strong> Cada cop que un Usuari visita un Servei, una eina d\u2019un prove\u00efdor extern (Omniture, Netscope, Comscore i d\u2019altres semblants que es poden afegir a aquesta llista en cas que vari\u00efn en relaci\u00f3 amb els actuals) genera una Galeta anal\u00edtica a l\u2019ordinador de l\u2019Usuari. Aquesta Galeta que nom\u00e9s es genera durant la visita, els hi permet als Serveis del Parque Comercial Terrassa Pla\u00e7a identificar el visitant de forma an\u00f2nima en properes visites. Els principals objectius que es persegueixen s\u00f3n:<\/p>\n<p>\u2022 Permetre la identificaci\u00f3 an\u00f2nima dels Usuaris navegants a trav\u00e9s de la \u201cGaleta\u201d (identifica navegadors i dispositius, no persones) i, per tant, comptabilitzar de forma aproximada el n\u00famero de visitants i la seva tend\u00e8ncia en el temps.<br \/>\n\u2022 Identificar de forma an\u00f2nima els continguts m\u00e9s visitats i, per tant, m\u00e9s atractius per als Usuaris.<br \/>\n\u2022 Saber si l\u2019Usuari que hi accedeix \u00e9s nou o repeteix la visita.<\/p>\n<p>Important: Llevat que l\u2019Usuari decideixi registrar-se en un Servei del Parque Comercial Terrassa Pla\u00e7a, la \u201cGaleta\u201d mai no anir\u00e0 associada a cap dada de car\u00e0cter personal que pugui identificar-lo. Aquestes Galetes nom\u00e9s es fan servir amb prop\u00f2sits estad\u00edstics que ajudin a optimitzar l\u2019experi\u00e8ncia dels Usuaris dins del Lloc.<\/p>\n<p>Pots trobar m\u00e9s informaci\u00f3 sobre la pol\u00edtica de privacitat d\u2019aquestes eines a:<\/p>\n<p>Omniture: www.omniture.com\/es\/privacy;<br \/>\nComscore: www.comscore.com\/esl\/About_comScore\/Privacy_Policy; y<br \/>\nNetscope: www.net-scope.com\/oursolutions\/oursolutions.aspx<\/p>\n<p><strong>GALETES DE PUBLICITAT:<\/strong> Aquest tipus de \u201cGaletes\u201d permeten ampliar als Serveis del Parque Comercial Terrassa Pla\u00e7a la informaci\u00f3 dels anuncis que es mostren a cada Usuari an\u00f2nim. Entre d\u2019altres, s\u2019enregistra la duraci\u00f3 o la freq\u00fc\u00e8ncia de visualitzaci\u00f3 de posicions publicit\u00e0ries, la interacci\u00f3 amb aquestes, o els patrons de navegaci\u00f3 i\/o comportaments de l\u2019Usuari, ja que ajuden a dibuixar un perfil d\u2019inter\u00e8s publicitari. D\u2019aquesta manera, permeten oferir publicitat adient als interessos de l\u2019Usuari.<\/p>\n<p><strong>GALETES PUBLICIT\u00c0RIES DE TERCERS:<\/strong> A m\u00e9s de la publicitat gestionada pel web del Parque Comercial Terrassa Pla\u00e7a en els seus Serveis, el web del Parque Comercial Terrassa Pla\u00e7a tamb\u00e9 pot oferir als seus anunciants l\u2019opci\u00f3 de publicar anuncis a trav\u00e9s de tercers (\u201cAd-Servers\u201d). D\u2019aquesta manera, aquests tercers poden emmagatzemar Galetes enviades des dels Serveis del Parque Comercial Terrassa Pla\u00e7a procedents dels navegadors dels Usuaris, aix\u00ed com accedir a les dades que hi tenen desades.<\/p>\n<h2>COM DESHABILITAR LES GALETES I ELS WEB BUGS ALS NAVEGADORS M\u00c9S HABITUALS<\/h2>\n<p>Normalment \u00e9s possible deixar d\u2019acceptar les Galetes del navegador, o deixar d\u2019acceptar les Galetes d\u2019un Servei en particular.<\/p>\n<p>Tots els navegadors moderns permeten canviar la configuraci\u00f3 de les Galetes.<\/p>\n<p>Aquests par\u00e0metres normalment es troben a les \u201copcions\u201d o \u201cprefer\u00e8ncies\u201d del men\u00fa del navegador. Aix\u00ed mateix, podeu configurar el vostre navegador o el vostre gestor de correu electr\u00f2nic, aix\u00ed com instal\u2022lar complements gratu\u00efts per evitar que es descarreguin Web Bugs en obrir un correu electr\u00f2nic.<\/p>\n<p>El web del Centre Comercial Terrassa Pla\u00e7a ofereix orientaci\u00f3 a l\u2019Usuari sobre els passos per accedir al men\u00fa de configuraci\u00f3 de galetes i, si escau, de la navegaci\u00f3 privada en cadascun dels navegadors principals:<\/p>\n<p><strong>Internet Explorer:<\/strong> Eines -> Opcions d\u2019Internet -> Privacitat -> Configuraci\u00f3.<br \/>\nPer a m\u00e9s informaci\u00f3, podeu fer una consulta a l\u2019equip d\u2019Assist\u00e8ncia T\u00e8cnica de Microsoft o visitar l\u2019Ajuda del navegador.<\/p>\n<p><strong>FireFox:<\/strong> Eines -> Opcions -> Privacitat -> Historial -> Par\u00e0metres personalitzats.<br \/>\nPer a m\u00e9s informaci\u00f3, podeu fer una consulta a l\u2019equip d\u2019Assist\u00e8ncia T\u00e8cnica de Mozilla o visitar l\u2019Ajuda del navegador.<\/p>\n<p><strong>Chrome:<\/strong> Configuraci\u00f3 -> Mostra la configuraci\u00f3 avan\u00e7ada -> Privacitat -> Configuraci\u00f3 del contingut.<br \/>\nPer a m\u00e9s informaci\u00f3, podeu fer una consulta a l\u2019equip d\u2019Assist\u00e8ncia T\u00e8cnica de Google o visitar l\u2019Ajuda del navegador.<\/p>\n<p><strong>Safari:<\/strong> Prefer\u00e8ncies -> Seguretat.<br \/>\nPer a m\u00e9s informaci\u00f3, podeu fer una consulta a l\u2019equip d\u2019Assist\u00e8ncia T\u00e8cnica d\u2019Appel o visitar l\u2019Ajuda del navegador.<\/p>\n<p>Qu\u00e8 succeeix si es deshabiliten les Galetes:<br \/>\nAlgunes funcionalitats dels Serveis quedaran deshabilitades com, per exemple, romandre identificat, mantenir les compres del \u201ccarret\u00f3 electr\u00f2nic\u201d en un Servei de comer\u00e7 electr\u00f2nic, rebre informaci\u00f3 dirigida a la localitzaci\u00f3 o la visualitzaci\u00f3 d\u2019alguns v\u00eddeos.<\/p>\n<h2>ACTUALITZACIONS I CANVIS A LA POL\u00cdTICA DE GALETES<\/h2>\n<p>El web del Parque Comercial Terrassa Pla\u00e7a pot modificar aquesta Pol\u00edtica de Galetes en funci\u00f3 d\u2019exig\u00e8ncies legislatives, reglament\u00e0ries, o amb la finalitat d\u2019adaptar aquesta pol\u00edtica a les instruccions que l\u2019Ag\u00e8ncia Espanyola de Protecci\u00f3 de Dades estableixi; per aix\u00f2, aconsellem als Usuaris que la visitin de forma habitual. En qualsevol cas, i pel que fa a les nostres galetes, el tractament de les vostres dades s\u2019ajustar\u00e0 a la nostra Pol\u00edtica de Privacitat, que podeu consultar <a href=\"http:\/\/www.terrassapla\u00e7a.com\/ca\/politica-de-privacitat\/\">aqu\u00ed<\/a>.<\/p>\n<p>Quan es produeixin canvis significatius en aquesta Pol\u00edtica de Galetes, es comunicaran als Usuaris ja sigui a trav\u00e9s del web, o a trav\u00e9s d\u2019un correu electr\u00f2nic als Usuaris registrats.<\/p>\n","protected":false},"excerpt":{"rendered":"<p>POL\u00cdTICA DE GALETES \u00daS DE GALETES I WEB BUGS PER PART DEL WEB DEL PARQUE COMERCIAL TERRASSA PLA\u00c7A: El web del Parque Comercial Terrassa Pla\u00e7a fa servir \u201cGaletes\u201d i d\u2019altres mecanismes similars (en endavant, Galetes). Les Galetes s\u00f3n fitxers que s\u2019envien a un navegador mitjan\u00e7ant un servidor web per enregistrar l\u2019activitat de l\u2019Usuari en un&#8230;<\/p>\n","protected":false},"author":9,"featured_media":0,"parent":0,"menu_order":0,"comment_status":"closed","ping_status":"closed","template":"","meta":{"footnotes":""},"class_list":["post-9838","page","type-page","status-publish","hentry"],"yoast_head":"<!-- This site is optimized with the Yoast SEO plugin v23.8 - https:\/\/yoast.com\/wordpress\/plugins\/seo\/ -->\n<title>Pol\u00edtica de galetes - Terrassa Pla\u00e7a<\/title>\n<meta name=\"robots\" content=\"index, follow, max-snippet:-1, max-image-preview:large, max-video-preview:-1\" \/>\n<link rel=\"canonical\" href=\"https:\/\/www.xn--terrassaplaa-udb.com\/ca\/politica-de-galetes\/\" \/>\n<meta property=\"og:locale\" content=\"ca_ES\" \/>\n<meta property=\"og:type\" content=\"article\" \/>\n<meta property=\"og:title\" content=\"Pol\u00edtica de galetes - Terrassa Pla\u00e7a\" \/>\n<meta property=\"og:description\" content=\"POL\u00cdTICA DE GALETES \u00daS DE GALETES I WEB BUGS PER PART DEL WEB DEL PARQUE COMERCIAL TERRASSA PLA\u00c7A: El web del Parque Comercial Terrassa Pla\u00e7a fa servir \u201cGaletes\u201d i d\u2019altres mecanismes similars (en endavant, Galetes). Les Galetes s\u00f3n fitxers que s\u2019envien a un navegador mitjan\u00e7ant un servidor web per enregistrar l\u2019activitat de l\u2019Usuari en un...\" \/>\n<meta property=\"og:url\" content=\"https:\/\/www.xn--terrassaplaa-udb.com\/ca\/politica-de-galetes\/\" \/>\n<meta property=\"og:site_name\" content=\"Terrassa Pla\u00e7a\" \/>\n<meta property=\"article:modified_time\" content=\"2017-11-14T09:30:59+00:00\" \/>\n<meta name=\"twitter:card\" content=\"summary_large_image\" \/>\n<meta name=\"twitter:label1\" content=\"Temps estimat de lectura\" \/>\n\t<meta name=\"twitter:data1\" content=\"8 minuts\" \/>\n<script type=\"application\/ld+json\" class=\"yoast-schema-graph\">{\"@context\":\"https:\/\/schema.org\",\"@graph\":[{\"@type\":\"WebPage\",\"@id\":\"https:\/\/www.xn--terrassaplaa-udb.com\/ca\/politica-de-galetes\/\",\"url\":\"https:\/\/www.xn--terrassaplaa-udb.com\/ca\/politica-de-galetes\/\",\"name\":\"Pol\u00edtica de galetes - Terrassa Pla\u00e7a\",\"isPartOf\":{\"@id\":\"https:\/\/www.xn--terrassaplaa-udb.com\/#website\"},\"datePublished\":\"2017-11-11T19:32:04+00:00\",\"dateModified\":\"2017-11-14T09:30:59+00:00\",\"breadcrumb\":{\"@id\":\"https:\/\/www.xn--terrassaplaa-udb.com\/ca\/politica-de-galetes\/#breadcrumb\"},\"inLanguage\":\"ca\",\"potentialAction\":[{\"@type\":\"ReadAction\",\"target\":[\"https:\/\/www.xn--terrassaplaa-udb.com\/ca\/politica-de-galetes\/\"]}]},{\"@type\":\"BreadcrumbList\",\"@id\":\"https:\/\/www.xn--terrassaplaa-udb.com\/ca\/politica-de-galetes\/#breadcrumb\",\"itemListElement\":[{\"@type\":\"ListItem\",\"position\":1,\"name\":\"Portada\",\"item\":\"https:\/\/www.xn--terrassaplaa-udb.com\/ca\/\"},{\"@type\":\"ListItem\",\"position\":2,\"name\":\"Pol\u00edtica de galetes\"}]},{\"@type\":\"WebSite\",\"@id\":\"https:\/\/www.xn--terrassaplaa-udb.com\/#website\",\"url\":\"https:\/\/www.xn--terrassaplaa-udb.com\/\",\"name\":\"Terrassa Pla\u00e7a\",\"description\":\"\",\"potentialAction\":[{\"@type\":\"SearchAction\",\"target\":{\"@type\":\"EntryPoint\",\"urlTemplate\":\"https:\/\/www.xn--terrassaplaa-udb.com\/?s={search_term_string}\"},\"query-input\":{\"@type\":\"PropertyValueSpecification\",\"valueRequired\":true,\"valueName\":\"search_term_string\"}}],\"inLanguage\":\"ca\"}]}<\/script>\n<!-- \/ Yoast SEO plugin. -->","yoast_head_json":{"title":"Pol\u00edtica de galetes - Terrassa Pla\u00e7a","robots":{"index":"index","follow":"follow","max-snippet":"max-snippet:-1","max-image-preview":"max-image-preview:large","max-video-preview":"max-video-preview:-1"},"canonical":"https:\/\/www.xn--terrassaplaa-udb.com\/ca\/politica-de-galetes\/","og_locale":"ca_ES","og_type":"article","og_title":"Pol\u00edtica de galetes - Terrassa Pla\u00e7a","og_description":"POL\u00cdTICA DE GALETES \u00daS DE GALETES I WEB BUGS PER PART DEL WEB DEL PARQUE COMERCIAL TERRASSA PLA\u00c7A: El web del Parque Comercial Terrassa Pla\u00e7a fa servir \u201cGaletes\u201d i d\u2019altres mecanismes similars (en endavant, Galetes). Les Galetes s\u00f3n fitxers que s\u2019envien a un navegador mitjan\u00e7ant un servidor web per enregistrar l\u2019activitat de l\u2019Usuari en un...","og_url":"https:\/\/www.xn--terrassaplaa-udb.com\/ca\/politica-de-galetes\/","og_site_name":"Terrassa Pla\u00e7a","article_modified_time":"2017-11-14T09:30:59+00:00","twitter_card":"summary_large_image","twitter_misc":{"Temps estimat de lectura":"8 minuts"},"schema":{"@context":"https:\/\/schema.org","@graph":[{"@type":"WebPage","@id":"https:\/\/www.xn--terrassaplaa-udb.com\/ca\/politica-de-galetes\/","url":"https:\/\/www.xn--terrassaplaa-udb.com\/ca\/politica-de-galetes\/","name":"Pol\u00edtica de galetes - Terrassa Pla\u00e7a","isPartOf":{"@id":"https:\/\/www.xn--terrassaplaa-udb.com\/#website"},"datePublished":"2017-11-11T19:32:04+00:00","dateModified":"2017-11-14T09:30:59+00:00","breadcrumb":{"@id":"https:\/\/www.xn--terrassaplaa-udb.com\/ca\/politica-de-galetes\/#breadcrumb"},"inLanguage":"ca","potentialAction":[{"@type":"ReadAction","target":["https:\/\/www.xn--terrassaplaa-udb.com\/ca\/politica-de-galetes\/"]}]},{"@type":"BreadcrumbList","@id":"https:\/\/www.xn--terrassaplaa-udb.com\/ca\/politica-de-galetes\/#breadcrumb","itemListElement":[{"@type":"ListItem","position":1,"name":"Portada","item":"https:\/\/www.xn--terrassaplaa-udb.com\/ca\/"},{"@type":"ListItem","position":2,"name":"Pol\u00edtica de galetes"}]},{"@type":"WebSite","@id":"https:\/\/www.xn--terrassaplaa-udb.com\/#website","url":"https:\/\/www.xn--terrassaplaa-udb.com\/","name":"Terrassa Pla\u00e7a","description":"","potentialAction":[{"@type":"SearchAction","target":{"@type":"EntryPoint","urlTemplate":"https:\/\/www.xn--terrassaplaa-udb.com\/?s={search_term_string}"},"query-input":{"@type":"PropertyValueSpecification","valueRequired":true,"valueName":"search_term_string"}}],"inLanguage":"ca"}]}},"_links":{"self":[{"href":"https:\/\/www.xn--terrassaplaa-udb.com\/ca\/wp-json\/wp\/v2\/pages\/9838"}],"collection":[{"href":"https:\/\/www.xn--terrassaplaa-udb.com\/ca\/wp-json\/wp\/v2\/pages"}],"about":[{"href":"https:\/\/www.xn--terrassaplaa-udb.com\/ca\/wp-json\/wp\/v2\/types\/page"}],"author":[{"embeddable":true,"href":"https:\/\/www.xn--terrassaplaa-udb.com\/ca\/wp-json\/wp\/v2\/users\/9"}],"replies":[{"embeddable":true,"href":"https:\/\/www.xn--terrassaplaa-udb.com\/ca\/wp-json\/wp\/v2\/comments?post=9838"}],"version-history":[{"count":4,"href":"https:\/\/www.xn--terrassaplaa-udb.com\/ca\/wp-json\/wp\/v2\/pages\/9838\/revisions"}],"predecessor-version":[{"id":9862,"href":"https:\/\/www.xn--terrassaplaa-udb.com\/ca\/wp-json\/wp\/v2\/pages\/9838\/revisions\/9862"}],"wp:attachment":[{"href":"https:\/\/www.xn--terrassaplaa-udb.com\/ca\/wp-json\/wp\/v2\/media?parent=9838"}],"curies":[{"name":"wp","href":"https:\/\/api.w.org\/{rel}","templated":true}]}}