{"id":9931,"date":"2019-10-07T16:57:20","date_gmt":"2019-10-07T16:57:20","guid":{"rendered":"http:\/\/www.xn--terrassaplaa-udb.com\/?page_id=9931"},"modified":"2020-11-12T11:20:25","modified_gmt":"2020-11-12T11:20:25","slug":"pause-play","status":"publish","type":"page","link":"https:\/\/www.xn--terrassaplaa-udb.com\/ca\/tendes\/pause-play\/","title":{"rendered":"Pause &#038; Play"},"content":{"rendered":"<style type=\"text\/css\"> \n#cmsmasters_row_69e09308b09fd .cmsmasters_row_outer_parent { \n\tpadding-top: 50px; \n} \n\n#cmsmasters_row_69e09308b09fd .cmsmasters_row_outer_parent { \n\tpadding-bottom: 55px; \n} \n\n \n#cmsmasters_heading_69e09308b0c44 { \n\ttext-align:left; \n\tmargin-top:0px; \n\tmargin-bottom:10px; \n} \n\n#cmsmasters_heading_69e09308b0c44 .cmsmasters_heading { \n\ttext-align:left; \n} \n\n#cmsmasters_heading_69e09308b0c44 .cmsmasters_heading, #cmsmasters_heading_69e09308b0c44 .cmsmasters_heading a { \n\tfont-weight:700; \n\tfont-style:normal; \n} \n\n#cmsmasters_heading_69e09308b0c44 .cmsmasters_heading_divider { \n} \n\n \n#cmsmasters_heading_69e09308b0c9f { \n\ttext-align:left; \n\tmargin-top:0px; \n\tmargin-bottom:30px; \n} \n\n#cmsmasters_heading_69e09308b0c9f .cmsmasters_heading { \n\ttext-align:left; \n} \n\n#cmsmasters_heading_69e09308b0c9f .cmsmasters_heading, #cmsmasters_heading_69e09308b0c9f .cmsmasters_heading a { \n\tfont-weight:700; \n\tfont-style:normal; \n} \n\n#cmsmasters_heading_69e09308b0c9f .cmsmasters_heading_divider { \n} \n\n \n#cmsmasters_heading_69e09308b0cf5 { \n\ttext-align:left; \n\tmargin-top:0px; \n\tmargin-bottom:10px; \n} \n\n#cmsmasters_heading_69e09308b0cf5 .cmsmasters_heading { \n\ttext-align:left; \n} \n\n#cmsmasters_heading_69e09308b0cf5 .cmsmasters_heading, #cmsmasters_heading_69e09308b0cf5 .cmsmasters_heading a { \n\tfont-weight:700; \n\tfont-style:normal; \n} \n\n#cmsmasters_heading_69e09308b0cf5 .cmsmasters_heading_divider { \n} \n\n \n#cmsmasters_heading_69e09308b0d4c { \n\ttext-align:left; \n\tmargin-top:0px; \n\tmargin-bottom:50px; \n} \n\n#cmsmasters_heading_69e09308b0d4c .cmsmasters_heading { \n\ttext-align:left; \n} \n\n#cmsmasters_heading_69e09308b0d4c .cmsmasters_heading, #cmsmasters_heading_69e09308b0d4c .cmsmasters_heading a { \n\tfont-weight:700; \n\tfont-style:normal; \n} \n\n#cmsmasters_heading_69e09308b0d4c .cmsmasters_heading_divider { \n} \n\n \n#cmsmasters_heading_69e09308b0eb9 { \n\ttext-align:left; \n\tmargin-top:0px; \n\tmargin-bottom:20px; \n} \n\n#cmsmasters_heading_69e09308b0eb9 .cmsmasters_heading { \n\ttext-align:left; \n} \n\n#cmsmasters_heading_69e09308b0eb9 .cmsmasters_heading, #cmsmasters_heading_69e09308b0eb9 .cmsmasters_heading a { \n\tfont-weight:700; \n\tfont-style:normal; \n} \n\n#cmsmasters_heading_69e09308b0eb9 .cmsmasters_heading_divider { \n} \n\n \n#cmsmasters_divider_69e09308b0f19 { \n\tborder-bottom-width:0px; \n\tborder-bottom-style:solid; \n\tpadding-top:0px; \n\tmargin-bottom:20px; \n} \n<\/style><div id=\"cmsmasters_row_69e09308b09fd\" class=\"cmsmasters_row cmsmasters_color_scheme_default cmsmasters_row_top_default cmsmasters_row_bot_default cmsmasters_row_boxed\">\n<div class=\"cmsmasters_row_outer_parent\">\n<div class=\"cmsmasters_row_outer\">\n<div class=\"cmsmasters_row_inner\">\n<div class=\"cmsmasters_row_margin\">\n<div class=\"cmsmasters_column one_fourth\">\n<div class=\"cmsmasters_img  cmsmasters_image_n\">\n<a href=\"http:\/\/www.xn--terrassaplaa-udb.com\/wp-content\/uploads\/2017\/11\/TER-LOGOS_PAUSEPLAY.png\"><img decoding=\"async\" src=\"https:\/\/www.xn--terrassaplaa-udb.com\/wp-content\/uploads\/2017\/11\/TER-LOGOS_PAUSEPLAY.png\" alt=\"\" \/><\/a>\n<\/div>\n\n<div id=\"cmsmasters_heading_69e09308b0c44\" class=\"cmsmasters_heading_wrap cmsmasters_heading_align_left\">\n\t<h3 class=\"cmsmasters_heading\">Contacte<\/h3>\n<\/div>\n<div id=\"cmsmasters_heading_69e09308b0c9f\" class=\"cmsmasters_heading_wrap cmsmasters_heading_align_left\">\n\t<h5 class=\"cmsmasters_heading\">638 935 530<\/h5>\n<\/div>\n<div id=\"cmsmasters_heading_69e09308b0cf5\" class=\"cmsmasters_heading_wrap cmsmasters_heading_align_left\">\n\t<h3 class=\"cmsmasters_heading\">Website<\/h3>\n<\/div>\n<div id=\"cmsmasters_heading_69e09308b0d4c\" class=\"cmsmasters_heading_wrap cmsmasters_heading_align_left\">\n\t<h5 class=\"cmsmasters_heading\"><a href=\"http:\/\/pauseandplay.es\/index.php\" target=\"_blank\">pauseandplay.es<\/a><\/h5>\n<\/div>\n<\/div>\n<div class=\"cmsmasters_column three_fourth\">\n\n<div id=\"cmsmasters_heading_69e09308b0eb9\" class=\"cmsmasters_heading_wrap cmsmasters_heading_align_left\">\n\t<h1 class=\"cmsmasters_heading\">Pause &amp; Play<\/h1>\n<\/div>\n\n<div id=\"cmsmasters_divider_69e09308b0f19\" class=\"cl\"><\/div>\n<div class=\"cmsmasters_text\">\n<p><span lang=\"CA\">Pause&amp; Play \u00e9s un nou m\u00f3n en el sector de l&#8217;oci i l&#8217;entreteniment, una sala de jocs amb una oferta mai vista en centres comercials. Ruletes, m\u00e0quines slots, apostes esportives, bingo electr\u00f2nic i tradicional, barra esportiva, esports, esdeveniments en directe, etc.<u><\/u><u><\/u><\/span><\/p>\n<p><span lang=\"CA\">S\u00f3n establiments que fusionen diversos ambients i zones d&#8217;oci per a la diversi\u00f3 i el gaudi del temps d&#8217;oci, format per una zona d&#8217;esbarjo dedicada al joc presencial i als esports en viu, l&#8217;equitaci\u00f3 i les apostes de llebrers. Molt m\u00e9s que una sala de jocs o una sala d&#8217;apostes!<u><\/u><u><\/u><\/span><\/p>\n<p><span lang=\"CA\">Pause&amp;Play tamb\u00e9 disposa d&#8217;una zona SportsBar on podr\u00e0s experimentar l&#8217;emoci\u00f3 de l&#8217;esport en pantalles gegants i un lloc per gaudir d&#8217;una cervesa mentre escoltes la millor m\u00fasica en directe.<br \/>\nVisita&#8217;ns i descobreix oci i diversi\u00f3 en un altre nivell! M\u00e9s informaci\u00f3 a:\u00a0<a href=\"https:\/\/ssl.microsofttranslator.com\/bv.aspx?ref=TAns&amp;from=&amp;to=ca&amp;a=https%3A%2F%2Fwww.pauseandplay.es%2Flocales%2Fterrassa%2F\" target=\"_blank\" rel=\"noopener\" data-saferedirecturl=\"https:\/\/www.google.com\/url?q=https:\/\/ssl.microsofttranslator.com\/bv.aspx?ref%3DTAns%26from%3D%26to%3Dca%26a%3Dhttps%253A%252F%252Fwww.pauseandplay.es%252Flocales%252Fterrassa%252F&amp;source=gmail&amp;ust=1605261855398000&amp;usg=AFQjCNF5rVRPRswIf7xRF8nvNUDJlhQdow\">https:\/\/www.pauseandplay.es\/<wbr \/>locales\/terrassa\/<\/a><\/span><\/p>\n<\/div>\n<script type=\"text\/javascript\">jQuery(document).ready(function () { jQuery(\"#cmsmasters_hover_slider_69e09308b0f98\").cmsmastersHoverSlider( { sliderBlock : \"#cmsmasters_hover_slider_69e09308b0f98\", sliderItems : \".cmsmasters_hover_slider_items\", thumbWidth : \"100\", thumbHeight : \"60\", activeSlide : 1, pauseTime : 0, pauseOnHover : true } );} );<\/script><div id=\"cmsmasters_hover_slider_69e09308b0f98\" class=\"cmsmasters_hover_slider\">\n<ul class=\"cmsmasters_hover_slider_items\">\n<li><figure class=\"cmsmasters_hover_slider_full_img\"><img fetchpriority=\"high\" decoding=\"async\" width=\"860\" height=\"480\" src=\"https:\/\/www.xn--terrassaplaa-udb.com\/wp-content\/uploads\/2019\/04\/20190129_132312-860x480.jpg\" class=\"attachment-post-thumbnail size-post-thumbnail\" alt=\"\" srcset=\"https:\/\/www.xn--terrassaplaa-udb.com\/wp-content\/uploads\/2019\/04\/20190129_132312-860x480.jpg 860w, https:\/\/www.xn--terrassaplaa-udb.com\/wp-content\/uploads\/2019\/04\/20190129_132312-1160x648.jpg 1160w\" sizes=\"(max-width: 860px) 100vw, 860px\" \/><\/figure><\/li><li><figure class=\"cmsmasters_hover_slider_full_img\"><img decoding=\"async\" width=\"625\" height=\"480\" src=\"https:\/\/www.xn--terrassaplaa-udb.com\/wp-content\/uploads\/2019\/10\/LOCAL-Foto-90-625x480.jpg\" class=\"attachment-post-thumbnail size-post-thumbnail\" alt=\"\" \/><\/figure><\/li><li><figure class=\"cmsmasters_hover_slider_full_img\"><img decoding=\"async\" width=\"625\" height=\"480\" src=\"https:\/\/www.xn--terrassaplaa-udb.com\/wp-content\/uploads\/2019\/10\/PRODUCTO-Pizza-2-625x480.jpg\" class=\"attachment-post-thumbnail size-post-thumbnail\" alt=\"\" \/><\/figure><\/li><li><figure class=\"cmsmasters_hover_slider_full_img\"><img loading=\"lazy\" decoding=\"async\" width=\"625\" height=\"480\" src=\"https:\/\/www.xn--terrassaplaa-udb.com\/wp-content\/uploads\/2019\/10\/PRODUCTO-Burguer-4-625x480.jpg\" class=\"attachment-post-thumbnail size-post-thumbnail\" alt=\"\" \/><\/figure><\/li><li><figure class=\"cmsmasters_hover_slider_full_img\"><img loading=\"lazy\" decoding=\"async\" width=\"625\" height=\"480\" src=\"https:\/\/www.xn--terrassaplaa-udb.com\/wp-content\/uploads\/2019\/10\/PRODUCTO-Sportsbar-14-625x480.jpg\" class=\"attachment-post-thumbnail size-post-thumbnail\" alt=\"\" \/><\/figure><\/li><li><figure class=\"cmsmasters_hover_slider_full_img\"><img loading=\"lazy\" decoding=\"async\" width=\"625\" height=\"480\" src=\"https:\/\/www.xn--terrassaplaa-udb.com\/wp-content\/uploads\/2019\/10\/PRODUCTO-Las-Vegas-Hotdog-1-625x480.jpg\" class=\"attachment-post-thumbnail size-post-thumbnail\" alt=\"\" \/><\/figure><\/li><li><figure class=\"cmsmasters_hover_slider_full_img\"><img loading=\"lazy\" decoding=\"async\" width=\"625\" height=\"480\" src=\"https:\/\/www.xn--terrassaplaa-udb.com\/wp-content\/uploads\/2019\/10\/PRODUCTO-Sportsbar-4-625x480.jpg\" class=\"attachment-post-thumbnail size-post-thumbnail\" alt=\"\" \/><\/figure><\/li><li><figure class=\"cmsmasters_hover_slider_full_img\"><img loading=\"lazy\" decoding=\"async\" width=\"625\" height=\"480\" src=\"https:\/\/www.xn--terrassaplaa-udb.com\/wp-content\/uploads\/2019\/10\/PRODUCTO-Burguer-2-625x480.jpg\" class=\"attachment-post-thumbnail size-post-thumbnail\" alt=\"\" \/><\/figure><\/li><li><figure class=\"cmsmasters_hover_slider_full_img\"><img loading=\"lazy\" decoding=\"async\" width=\"625\" height=\"480\" src=\"https:\/\/www.xn--terrassaplaa-udb.com\/wp-content\/uploads\/2019\/10\/PRODUCTO-Pizza-4-625x480.jpg\" class=\"attachment-post-thumbnail size-post-thumbnail\" alt=\"\" \/><\/figure><\/li><li><figure class=\"cmsmasters_hover_slider_full_img\"><img loading=\"lazy\" decoding=\"async\" width=\"625\" height=\"480\" src=\"https:\/\/www.xn--terrassaplaa-udb.com\/wp-content\/uploads\/2019\/10\/PRODUCTO-Baked-3-625x480.jpg\" class=\"attachment-post-thumbnail size-post-thumbnail\" alt=\"\" \/><\/figure><\/li><li><figure class=\"cmsmasters_hover_slider_full_img\"><img loading=\"lazy\" decoding=\"async\" width=\"625\" height=\"480\" src=\"https:\/\/www.xn--terrassaplaa-udb.com\/wp-content\/uploads\/2019\/10\/PRODUCTO-Baked-1-625x480.jpg\" class=\"attachment-post-thumbnail size-post-thumbnail\" alt=\"\" \/><\/figure><\/li><li><figure class=\"cmsmasters_hover_slider_full_img\"><img loading=\"lazy\" decoding=\"async\" width=\"625\" height=\"480\" src=\"https:\/\/www.xn--terrassaplaa-udb.com\/wp-content\/uploads\/2019\/10\/PRODUCTO-Caf\u00e9-6-625x480.jpg\" class=\"attachment-post-thumbnail size-post-thumbnail\" alt=\"\" \/><\/figure><\/li><li><figure class=\"cmsmasters_hover_slider_full_img\"><img loading=\"lazy\" decoding=\"async\" width=\"625\" height=\"480\" src=\"https:\/\/www.xn--terrassaplaa-udb.com\/wp-content\/uploads\/2019\/10\/PRODUCTO-Gofre-1-625x480.jpg\" class=\"attachment-post-thumbnail size-post-thumbnail\" alt=\"\" \/><\/figure><\/li><li><figure class=\"cmsmasters_hover_slider_full_img\"><img loading=\"lazy\" decoding=\"async\" width=\"625\" height=\"480\" src=\"https:\/\/www.xn--terrassaplaa-udb.com\/wp-content\/uploads\/2019\/10\/PRODUCTO-Jarra-y-nachos-2-625x480.jpg\" class=\"attachment-post-thumbnail size-post-thumbnail\" alt=\"\" \/><\/figure><\/li><li><figure class=\"cmsmasters_hover_slider_full_img\"><img loading=\"lazy\" decoding=\"async\" width=\"625\" height=\"480\" src=\"https:\/\/www.xn--terrassaplaa-udb.com\/wp-content\/uploads\/2019\/10\/PRODUCTO-Gofre-3-625x480.jpg\" class=\"attachment-post-thumbnail size-post-thumbnail\" alt=\"\" \/><\/figure><\/li><li><figure class=\"cmsmasters_hover_slider_full_img\"><img loading=\"lazy\" decoding=\"async\" width=\"625\" height=\"480\" src=\"https:\/\/www.xn--terrassaplaa-udb.com\/wp-content\/uploads\/2019\/10\/EVENTO-Ismael-Dorado-625x480.jpg\" class=\"attachment-post-thumbnail size-post-thumbnail\" alt=\"\" \/><\/figure><\/li><li><figure class=\"cmsmasters_hover_slider_full_img\"><img loading=\"lazy\" decoding=\"async\" width=\"625\" height=\"480\" src=\"https:\/\/www.xn--terrassaplaa-udb.com\/wp-content\/uploads\/2019\/10\/PRODUCTO-Burguer-3-625x480.jpg\" class=\"attachment-post-thumbnail size-post-thumbnail\" alt=\"\" \/><\/figure><\/li><li><figure class=\"cmsmasters_hover_slider_full_img\"><img loading=\"lazy\" decoding=\"async\" width=\"625\" height=\"480\" src=\"https:\/\/www.xn--terrassaplaa-udb.com\/wp-content\/uploads\/2019\/10\/PRODUCTO-Smoothie-1-625x480.jpg\" class=\"attachment-post-thumbnail size-post-thumbnail\" alt=\"\" \/><\/figure><\/li><li><figure class=\"cmsmasters_hover_slider_full_img\"><img loading=\"lazy\" decoding=\"async\" width=\"625\" height=\"480\" src=\"https:\/\/www.xn--terrassaplaa-udb.com\/wp-content\/uploads\/2019\/10\/PRODUCTO-Gofre-5-625x480.jpg\" class=\"attachment-post-thumbnail size-post-thumbnail\" alt=\"\" \/><\/figure><\/li><li><figure class=\"cmsmasters_hover_slider_full_img\"><img loading=\"lazy\" decoding=\"async\" width=\"625\" height=\"480\" src=\"https:\/\/www.xn--terrassaplaa-udb.com\/wp-content\/uploads\/2019\/10\/PRODUCTOS-Sabores-helados-625x480.jpg\" class=\"attachment-post-thumbnail size-post-thumbnail\" alt=\"\" \/><\/figure><\/li><li><figure class=\"cmsmasters_hover_slider_full_img\"><img loading=\"lazy\" decoding=\"async\" width=\"625\" height=\"480\" src=\"https:\/\/www.xn--terrassaplaa-udb.com\/wp-content\/uploads\/2019\/10\/PRODUCTO-Pizza-1-625x480.jpg\" class=\"attachment-post-thumbnail size-post-thumbnail\" alt=\"\" \/><\/figure><\/li><li><figure class=\"cmsmasters_hover_slider_full_img\"><img loading=\"lazy\" decoding=\"async\" width=\"625\" height=\"480\" src=\"https:\/\/www.xn--terrassaplaa-udb.com\/wp-content\/uploads\/2019\/10\/PRODUCTO-Pizza-y-juego-625x480.jpg\" class=\"attachment-post-thumbnail size-post-thumbnail\" alt=\"\" \/><\/figure><\/li><\/ul>\n<\/div>\n<\/div>\n<\/div>\n<\/div>\n<\/div>\n<\/div>\n<\/div>\n\n","protected":false},"excerpt":{"rendered":"","protected":false},"author":9,"featured_media":0,"parent":9523,"menu_order":0,"comment_status":"closed","ping_status":"closed","template":"","meta":{"footnotes":""},"class_list":["post-9931","page","type-page","status-publish","hentry"],"yoast_head":"<!-- This site is optimized with the Yoast SEO plugin v23.8 - https:\/\/yoast.com\/wordpress\/plugins\/seo\/ -->\n<title>Pause &amp; Play - Terrassa Pla\u00e7a<\/title>\n<meta name=\"robots\" content=\"index, follow, max-snippet:-1, max-image-preview:large, max-video-preview:-1\" \/>\n<link rel=\"canonical\" href=\"https:\/\/www.xn--terrassaplaa-udb.com\/ca\/tendes\/pause-play\/\" \/>\n<meta property=\"og:locale\" content=\"ca_ES\" \/>\n<meta property=\"og:type\" content=\"article\" \/>\n<meta property=\"og:title\" content=\"Pause &amp; Play - Terrassa Pla\u00e7a\" \/>\n<meta property=\"og:url\" content=\"https:\/\/www.xn--terrassaplaa-udb.com\/ca\/tendes\/pause-play\/\" \/>\n<meta property=\"og:site_name\" content=\"Terrassa Pla\u00e7a\" \/>\n<meta property=\"article:modified_time\" content=\"2020-11-12T11:20:25+00:00\" \/>\n<meta name=\"twitter:card\" content=\"summary_large_image\" \/>\n<meta name=\"twitter:label1\" content=\"Temps estimat de lectura\" \/>\n\t<meta name=\"twitter:data1\" content=\"3 minuts\" \/>\n<script type=\"application\/ld+json\" class=\"yoast-schema-graph\">{\"@context\":\"https:\/\/schema.org\",\"@graph\":[{\"@type\":\"WebPage\",\"@id\":\"https:\/\/www.xn--terrassaplaa-udb.com\/ca\/tendes\/pause-play\/\",\"url\":\"https:\/\/www.xn--terrassaplaa-udb.com\/ca\/tendes\/pause-play\/\",\"name\":\"Pause & Play - Terrassa Pla\u00e7a\",\"isPartOf\":{\"@id\":\"https:\/\/www.xn--terrassaplaa-udb.com\/#website\"},\"datePublished\":\"2019-10-07T16:57:20+00:00\",\"dateModified\":\"2020-11-12T11:20:25+00:00\",\"breadcrumb\":{\"@id\":\"https:\/\/www.xn--terrassaplaa-udb.com\/ca\/tendes\/pause-play\/#breadcrumb\"},\"inLanguage\":\"ca\",\"potentialAction\":[{\"@type\":\"ReadAction\",\"target\":[\"https:\/\/www.xn--terrassaplaa-udb.com\/ca\/tendes\/pause-play\/\"]}]},{\"@type\":\"BreadcrumbList\",\"@id\":\"https:\/\/www.xn--terrassaplaa-udb.com\/ca\/tendes\/pause-play\/#breadcrumb\",\"itemListElement\":[{\"@type\":\"ListItem\",\"position\":1,\"name\":\"Portada\",\"item\":\"https:\/\/www.xn--terrassaplaa-udb.com\/ca\/\"},{\"@type\":\"ListItem\",\"position\":2,\"name\":\"Tendes\",\"item\":\"https:\/\/www.xn--terrassaplaa-udb.com\/ca\/tendes\/\"},{\"@type\":\"ListItem\",\"position\":3,\"name\":\"Pause &#038; Play\"}]},{\"@type\":\"WebSite\",\"@id\":\"https:\/\/www.xn--terrassaplaa-udb.com\/#website\",\"url\":\"https:\/\/www.xn--terrassaplaa-udb.com\/\",\"name\":\"Terrassa Pla\u00e7a\",\"description\":\"\",\"potentialAction\":[{\"@type\":\"SearchAction\",\"target\":{\"@type\":\"EntryPoint\",\"urlTemplate\":\"https:\/\/www.xn--terrassaplaa-udb.com\/?s={search_term_string}\"},\"query-input\":{\"@type\":\"PropertyValueSpecification\",\"valueRequired\":true,\"valueName\":\"search_term_string\"}}],\"inLanguage\":\"ca\"}]}<\/script>\n<!-- \/ Yoast SEO plugin. -->","yoast_head_json":{"title":"Pause & Play - Terrassa Pla\u00e7a","robots":{"index":"index","follow":"follow","max-snippet":"max-snippet:-1","max-image-preview":"max-image-preview:large","max-video-preview":"max-video-preview:-1"},"canonical":"https:\/\/www.xn--terrassaplaa-udb.com\/ca\/tendes\/pause-play\/","og_locale":"ca_ES","og_type":"article","og_title":"Pause & Play - Terrassa Pla\u00e7a","og_url":"https:\/\/www.xn--terrassaplaa-udb.com\/ca\/tendes\/pause-play\/","og_site_name":"Terrassa Pla\u00e7a","article_modified_time":"2020-11-12T11:20:25+00:00","twitter_card":"summary_large_image","twitter_misc":{"Temps estimat de lectura":"3 minuts"},"schema":{"@context":"https:\/\/schema.org","@graph":[{"@type":"WebPage","@id":"https:\/\/www.xn--terrassaplaa-udb.com\/ca\/tendes\/pause-play\/","url":"https:\/\/www.xn--terrassaplaa-udb.com\/ca\/tendes\/pause-play\/","name":"Pause & Play - Terrassa Pla\u00e7a","isPartOf":{"@id":"https:\/\/www.xn--terrassaplaa-udb.com\/#website"},"datePublished":"2019-10-07T16:57:20+00:00","dateModified":"2020-11-12T11:20:25+00:00","breadcrumb":{"@id":"https:\/\/www.xn--terrassaplaa-udb.com\/ca\/tendes\/pause-play\/#breadcrumb"},"inLanguage":"ca","potentialAction":[{"@type":"ReadAction","target":["https:\/\/www.xn--terrassaplaa-udb.com\/ca\/tendes\/pause-play\/"]}]},{"@type":"BreadcrumbList","@id":"https:\/\/www.xn--terrassaplaa-udb.com\/ca\/tendes\/pause-play\/#breadcrumb","itemListElement":[{"@type":"ListItem","position":1,"name":"Portada","item":"https:\/\/www.xn--terrassaplaa-udb.com\/ca\/"},{"@type":"ListItem","position":2,"name":"Tendes","item":"https:\/\/www.xn--terrassaplaa-udb.com\/ca\/tendes\/"},{"@type":"ListItem","position":3,"name":"Pause &#038; Play"}]},{"@type":"WebSite","@id":"https:\/\/www.xn--terrassaplaa-udb.com\/#website","url":"https:\/\/www.xn--terrassaplaa-udb.com\/","name":"Terrassa Pla\u00e7a","description":"","potentialAction":[{"@type":"SearchAction","target":{"@type":"EntryPoint","urlTemplate":"https:\/\/www.xn--terrassaplaa-udb.com\/?s={search_term_string}"},"query-input":{"@type":"PropertyValueSpecification","valueRequired":true,"valueName":"search_term_string"}}],"inLanguage":"ca"}]}},"_links":{"self":[{"href":"https:\/\/www.xn--terrassaplaa-udb.com\/ca\/wp-json\/wp\/v2\/pages\/9931"}],"collection":[{"href":"https:\/\/www.xn--terrassaplaa-udb.com\/ca\/wp-json\/wp\/v2\/pages"}],"about":[{"href":"https:\/\/www.xn--terrassaplaa-udb.com\/ca\/wp-json\/wp\/v2\/types\/page"}],"author":[{"embeddable":true,"href":"https:\/\/www.xn--terrassaplaa-udb.com\/ca\/wp-json\/wp\/v2\/users\/9"}],"replies":[{"embeddable":true,"href":"https:\/\/www.xn--terrassaplaa-udb.com\/ca\/wp-json\/wp\/v2\/comments?post=9931"}],"version-history":[{"count":7,"href":"https:\/\/www.xn--terrassaplaa-udb.com\/ca\/wp-json\/wp\/v2\/pages\/9931\/revisions"}],"predecessor-version":[{"id":10248,"href":"https:\/\/www.xn--terrassaplaa-udb.com\/ca\/wp-json\/wp\/v2\/pages\/9931\/revisions\/10248"}],"up":[{"embeddable":true,"href":"https:\/\/www.xn--terrassaplaa-udb.com\/ca\/wp-json\/wp\/v2\/pages\/9523"}],"wp:attachment":[{"href":"https:\/\/www.xn--terrassaplaa-udb.com\/ca\/wp-json\/wp\/v2\/media?parent=9931"}],"curies":[{"name":"wp","href":"https:\/\/api.w.org\/{rel}","templated":true}]}}